{"id":5025,"date":"2024-01-12T11:05:22","date_gmt":"2024-01-12T10:05:22","guid":{"rendered":"https:\/\/www.emotionnetwork.eu\/?page_id=5025"},"modified":"2024-02-01T09:50:20","modified_gmt":"2024-02-01T08:50:20","slug":"angelo-moratti-anchor-investor-board-member","status":"publish","type":"page","link":"https:\/\/www.emotionnetwork.eu\/it\/chi-siamo\/angelo-moratti-anchor-investor-board-member\/","title":{"rendered":"Angelo Moratti"},"content":{"rendered":"<div id=\"pl-5025\"  class=\"panel-layout\" ><div id=\"pg-5025-0\"  class=\"panel-grid panel-has-style\" ><div id=\"en-txt-person\" class=\"panel-row-style panel-row-style-for-5025-0\" ><div id=\"pgc-5025-0-0\"  class=\"panel-grid-cell\" ><div id=\"panel-5025-0-0-0\" class=\"so-panel widget widget_siteorigin-panels-builder panel-first-child panel-last-child\" data-index=\"0\" ><div id=\"pl-w65bb5b4c58e36\"  class=\"panel-layout\" ><div id=\"pg-w65bb5b4c58e36-0\"  class=\"panel-grid panel-has-style\" ><div class=\"uk-position-relative panel-row-style panel-row-style-for-w65bb5b4c58e36-0\" id=\"en-txt-inner\" ><div id=\"pgc-w65bb5b4c58e36-0-0\"  class=\"panel-grid-cell\" ><div id=\"panel-w65bb5b4c58e36-0-0-0\" class=\"so-panel widget widget_siteorigin-panels-builder panel-first-child panel-last-child\" data-index=\"0\" ><div class=\"uk-container panel-widget-style panel-widget-style-for-w65bb5b4c58e36-0-0-0\" ><div id=\"pl-w65bb5b4c58e3e\"  class=\"panel-layout\" ><div id=\"pg-w65bb5b4c58e3e-0\"  class=\"panel-grid panel-no-style\" ><div id=\"pgc-w65bb5b4c58e3e-0-0\"  class=\"panel-grid-cell\" ><div id=\"panel-w65bb5b4c58e3e-0-0-0\" class=\"so-panel widget widget_sow-image panel-first-child panel-last-child\" data-index=\"0\" ><div\n\t\t\t\n\t\t\tclass=\"so-widget-sow-image so-widget-sow-image-default-8b5b6f678277\"\n\t\t\t\n\t\t>\n<div class=\"sow-image-container\">\n\t\t<img \n\tsrc=\"https:\/\/www.emotionnetwork.eu\/wp-content\/uploads\/2024\/01\/Moratti_Bio.jpg\" width=\"500\" height=\"653\" srcset=\"https:\/\/www.emotionnetwork.eu\/wp-content\/uploads\/2024\/01\/Moratti_Bio.jpg 500w, https:\/\/www.emotionnetwork.eu\/wp-content\/uploads\/2024\/01\/Moratti_Bio-230x300.jpg 230w\" sizes=\"(max-width: 500px) 100vw, 500px\" alt=\"Angelo Moratti\" \t\tclass=\"so-widget-image\"\/>\n\t<\/div>\n\n<\/div><\/div><\/div><div id=\"pgc-w65bb5b4c58e3e-0-1\"  class=\"panel-grid-cell\" ><div id=\"panel-w65bb5b4c58e3e-0-1-0\" class=\"so-panel widget widget_sow-headline panel-first-child panel-last-child\" data-index=\"1\" ><div\n\t\t\t\n\t\t\tclass=\"so-widget-sow-headline so-widget-sow-headline-default-be838fea3029\"\n\t\t\t\n\t\t><div class=\"sow-headline-container \">\n\t\t\t\t\t\t\t<h1 class=\"sow-headline\">\n\t\t\t\t\t\tAngelo Moratti\t\t\t\t\t\t<\/h1>\n\t\t\t\t\t\t\t\t\t\t\t\t<h3 class=\"sow-sub-headline\">\n\t\t\t\t\t\tFondatore, presidente e Anchor Investor Milano Invesment Partners Sgr\t\t\t\t\t\t<\/h3>\n\t\t\t\t\t\t<\/div>\n<\/div><\/div><\/div><\/div><\/div><\/div><\/div><\/div><\/div><\/div><div id=\"pg-w65bb5b4c58e36-1\"  class=\"panel-grid panel-has-style\" ><div class=\"uk-container uk-hidden panel-row-style panel-row-style-for-w65bb5b4c58e36-1\" id=\"en-citazione\" ><div id=\"pgc-w65bb5b4c58e36-1-0\"  class=\"panel-grid-cell panel-grid-cell-empty\" ><\/div><div id=\"pgc-w65bb5b4c58e36-1-1\"  class=\"panel-grid-cell\" ><div id=\"panel-w65bb5b4c58e36-1-1-0\" class=\"so-panel widget widget_sow-editor panel-first-child panel-last-child\" data-index=\"1\" ><div\n\t\t\t\n\t\t\tclass=\"so-widget-sow-editor so-widget-sow-editor-base\"\n\t\t\t\n\t\t>\n<div class=\"siteorigin-widget-tinymce textwidget\">\n\t<p>L'emozione di Lorenzo \u00e8 vivere una vita sana ispirata da innovazioni dirompenti.<\/p>\n<\/div>\n<\/div><\/div><\/div><\/div><\/div><div id=\"pg-w65bb5b4c58e36-2\"  class=\"panel-grid panel-has-style\" ><div class=\"uk-container panel-row-style panel-row-style-for-w65bb5b4c58e36-2\" id=\"en-txt-bio\" ><div id=\"pgc-w65bb5b4c58e36-2-0\"  class=\"panel-grid-cell\" ><div id=\"panel-w65bb5b4c58e36-2-0-0\" class=\"so-panel widget widget_sow-editor panel-first-child panel-last-child\" data-index=\"2\" ><div\n\t\t\t\n\t\t\tclass=\"so-widget-sow-editor so-widget-sow-editor-base\"\n\t\t\t\n\t\t>\n<div class=\"siteorigin-widget-tinymce textwidget\">\n\t<p>Imprenditore, si occupa di investimenti in Venture Capital dal 1996, quando ha fondato la societ\u00e0 di telecomunicazioni ePlanet che \u00e8 stata quotata in borsa nel 2000 e, in seguito, Sarlux, una societ\u00e0 che ha costruito e gestito una centrale elettrica. \u00c9 fondatore di ACM (Angel Capital Management) societ\u00e0 d'investimento privata e family office. ACM \u00e8 azionista di maggioranza di Milano Investment Partners SGR, Societ\u00e0 di gestione di Fondi di Investimento Alternativi, nata con l\u2019obiettivo di affiancare i giovani imprenditori visionari non solo nella ricerca dei capitali ma nello sviluppo del proprio progetto. \u00c8 vicepresidente e membro del comitato esecutivo di Special Olympics International e Presidente di Special Olympics Italia. \u00c8 stato Presidente dell'Associazione Amici del Centro Dino Ferrari, che si occupa di ricerca per le malattie neurologiche.<\/p>\n<\/div>\n<\/div><\/div><\/div><\/div><\/div><\/div><\/div><\/div><\/div><\/div><div id=\"pg-5025-1\"  class=\"panel-grid panel-has-style\" ><div class=\"uk-section panel-row-style panel-row-style-for-5025-1\" id=\"en-discover\" ><div id=\"pgc-5025-1-0\"  class=\"panel-grid-cell\" ><div id=\"panel-5025-1-0-0\" class=\"so-panel widget widget_siteorigin-panels-builder panel-first-child panel-last-child\" data-index=\"1\" ><div class=\"uk-container panel-widget-style panel-widget-style-for-5025-1-0-0\" ><div id=\"pl-w65bb5b4c59cf2\"  class=\"panel-layout\" ><div id=\"pg-w65bb5b4c59cf2-0\"  class=\"panel-grid panel-no-style\" ><div id=\"pgc-w65bb5b4c59cf2-0-0\"  class=\"panel-grid-cell\" ><div id=\"panel-w65bb5b4c59cf2-0-0-0\" class=\"so-panel widget widget_sow-editor panel-first-child panel-last-child\" data-index=\"0\" ><div\n\t\t\t\n\t\t\tclass=\"so-widget-sow-editor so-widget-sow-editor-base\"\n\t\t\t\n\t\t>\n<div class=\"siteorigin-widget-tinymce textwidget\">\n\t<p>Scopri di pi\u00f9 sul nostro progetto<\/p>\n<\/div>\n<\/div><\/div><\/div><div id=\"pgc-w65bb5b4c59cf2-0-1\"  class=\"panel-grid-cell\" ><div id=\"panel-w65bb5b4c59cf2-0-1-0\" class=\"so-panel widget widget_sow-button panel-first-child panel-last-child\" data-index=\"1\" ><div class=\"panel-widget-style panel-widget-style-for-w65bb5b4c59cf2-0-1-0\" ><div\n\t\t\t\n\t\t\tclass=\"so-widget-sow-button so-widget-sow-button-flat-a7d9c60971a1\"\n\t\t\t\n\t\t><div class=\"ow-button-base ow-button-align-right\"\n>\n\t\t\t<a\n\t\t\t\t\thref=\"https:\/\/www.emotionnetwork.eu\/it\/contattaci\/\"\n\t\t\t\t\tclass=\"uk-button uk-button-primary sowb-button ow-icon-placement-left ow-button-hover\" \t>\n\t\t<span>\n\t\t\t\n\t\t\tCONTATTACI\t\t<\/span>\n\t\t\t<\/a>\n\t<\/div>\n<\/div><\/div><\/div><\/div><\/div><\/div><\/div><\/div><\/div><\/div><\/div><\/div>","protected":false},"excerpt":{"rendered":"<p>Angelo Moratti Fondatore, presidente e Anchor Investor Milano Invesment Partners Sgr L&#8217;emozione di Lorenzo \u00e8 vivere una vita sana ispirata da innovazioni dirompenti. Imprenditore, si occupa di investimenti in Venture Capital dal 1996, quando ha fondato la societ\u00e0 di telecomunicazioni [&hellip;]<\/p>\n","protected":false},"author":1,"featured_media":0,"parent":1596,"menu_order":0,"comment_status":"closed","ping_status":"closed","template":"","meta":{"inline_featured_image":false,"footnotes":""},"class_list":["post-5025","page","type-page","status-publish","hentry"],"yoast_head":"<!-- This site is optimized with the Yoast SEO plugin v27.5 - https:\/\/yoast.com\/product\/yoast-seo-wordpress\/ -->\n<title>Angelo Moratti - Emotion Network<\/title>\n<meta name=\"robots\" content=\"index, follow, max-snippet:-1, max-image-preview:large, max-video-preview:-1\" \/>\n<link rel=\"canonical\" href=\"https:\/\/www.emotionnetwork.eu\/it\/chi-siamo\/angelo-moratti-anchor-investor-board-member\/\" \/>\n<meta property=\"og:locale\" content=\"it_IT\" \/>\n<meta property=\"og:type\" content=\"article\" \/>\n<meta property=\"og:title\" content=\"Angelo Moratti - Emotion Network\" \/>\n<meta property=\"og:description\" content=\"Angelo Moratti Fondatore, presidente e Anchor Investor Milano Invesment Partners Sgr L&#039;emozione di Lorenzo \u00e8 vivere una vita sana ispirata da innovazioni dirompenti. Imprenditore, si occupa di investimenti in Venture Capital dal 1996, quando ha fondato la societ\u00e0 di telecomunicazioni [&hellip;]\" \/>\n<meta property=\"og:url\" content=\"https:\/\/www.emotionnetwork.eu\/it\/chi-siamo\/angelo-moratti-anchor-investor-board-member\/\" \/>\n<meta property=\"og:site_name\" content=\"Emotion Network\" \/>\n<meta property=\"article:modified_time\" content=\"2024-02-01T08:50:20+00:00\" \/>\n<meta property=\"og:image\" content=\"https:\/\/www.emotionnetwork.eu\/wp-content\/uploads\/2021\/10\/Share_EN.jpg\" \/>\n\t<meta property=\"og:image:width\" content=\"1200\" \/>\n\t<meta property=\"og:image:height\" content=\"630\" \/>\n\t<meta property=\"og:image:type\" content=\"image\/jpeg\" \/>\n<meta name=\"twitter:card\" content=\"summary_large_image\" \/>\n<meta name=\"twitter:label1\" content=\"Tempo di lettura stimato\" \/>\n\t<meta name=\"twitter:data1\" content=\"1 minuto\" \/>\n<!-- \/ Yoast SEO plugin. -->","yoast_head_json":{"title":"Angelo Moratti - Emotion Network","robots":{"index":"index","follow":"follow","max-snippet":"max-snippet:-1","max-image-preview":"max-image-preview:large","max-video-preview":"max-video-preview:-1"},"canonical":"https:\/\/www.emotionnetwork.eu\/it\/chi-siamo\/angelo-moratti-anchor-investor-board-member\/","og_locale":"it_IT","og_type":"article","og_title":"Angelo Moratti - Emotion Network","og_description":"Angelo Moratti Fondatore, presidente e Anchor Investor Milano Invesment Partners Sgr L'emozione di Lorenzo \u00e8 vivere una vita sana ispirata da innovazioni dirompenti. Imprenditore, si occupa di investimenti in Venture Capital dal 1996, quando ha fondato la societ\u00e0 di telecomunicazioni [&hellip;]","og_url":"https:\/\/www.emotionnetwork.eu\/it\/chi-siamo\/angelo-moratti-anchor-investor-board-member\/","og_site_name":"Emotion Network","article_modified_time":"2024-02-01T08:50:20+00:00","og_image":[{"width":1200,"height":630,"url":"https:\/\/www.emotionnetwork.eu\/wp-content\/uploads\/2021\/10\/Share_EN.jpg","type":"image\/jpeg"}],"twitter_card":"summary_large_image","twitter_misc":{"Tempo di lettura stimato":"1 minuto"},"schema":{"@context":"https:\/\/schema.org","@graph":[{"@type":"WebPage","@id":"https:\/\/www.emotionnetwork.eu\/it\/chi-siamo\/angelo-moratti-anchor-investor-board-member\/","url":"https:\/\/www.emotionnetwork.eu\/it\/chi-siamo\/angelo-moratti-anchor-investor-board-member\/","name":"Angelo Moratti - Emotion Network","isPartOf":{"@id":"https:\/\/www.emotionnetwork.eu\/it\/#website"},"datePublished":"2024-01-12T10:05:22+00:00","dateModified":"2024-02-01T08:50:20+00:00","breadcrumb":{"@id":"https:\/\/www.emotionnetwork.eu\/it\/chi-siamo\/angelo-moratti-anchor-investor-board-member\/#breadcrumb"},"inLanguage":"it-IT","potentialAction":[{"@type":"ReadAction","target":["https:\/\/www.emotionnetwork.eu\/it\/chi-siamo\/angelo-moratti-anchor-investor-board-member\/"]}]},{"@type":"BreadcrumbList","@id":"https:\/\/www.emotionnetwork.eu\/it\/chi-siamo\/angelo-moratti-anchor-investor-board-member\/#breadcrumb","itemListElement":[{"@type":"ListItem","position":1,"name":"Home","item":"https:\/\/www.emotionnetwork.eu\/it\/"},{"@type":"ListItem","position":2,"name":"Chi siamo","item":"https:\/\/www.emotionnetwork.eu\/it\/chi-siamo\/"},{"@type":"ListItem","position":3,"name":"Angelo Moratti"}]},{"@type":"WebSite","@id":"https:\/\/www.emotionnetwork.eu\/it\/#website","url":"https:\/\/www.emotionnetwork.eu\/it\/","name":"Emotion Network","description":"","potentialAction":[{"@type":"SearchAction","target":{"@type":"EntryPoint","urlTemplate":"https:\/\/www.emotionnetwork.eu\/it\/?s={search_term_string}"},"query-input":{"@type":"PropertyValueSpecification","valueRequired":true,"valueName":"search_term_string"}}],"inLanguage":"it-IT"}]}},"_links":{"self":[{"href":"https:\/\/www.emotionnetwork.eu\/it\/wp-json\/wp\/v2\/pages\/5025","targetHints":{"allow":["GET"]}}],"collection":[{"href":"https:\/\/www.emotionnetwork.eu\/it\/wp-json\/wp\/v2\/pages"}],"about":[{"href":"https:\/\/www.emotionnetwork.eu\/it\/wp-json\/wp\/v2\/types\/page"}],"author":[{"embeddable":true,"href":"https:\/\/www.emotionnetwork.eu\/it\/wp-json\/wp\/v2\/users\/1"}],"replies":[{"embeddable":true,"href":"https:\/\/www.emotionnetwork.eu\/it\/wp-json\/wp\/v2\/comments?post=5025"}],"version-history":[{"count":12,"href":"https:\/\/www.emotionnetwork.eu\/it\/wp-json\/wp\/v2\/pages\/5025\/revisions"}],"predecessor-version":[{"id":5059,"href":"https:\/\/www.emotionnetwork.eu\/it\/wp-json\/wp\/v2\/pages\/5025\/revisions\/5059"}],"up":[{"embeddable":true,"href":"https:\/\/www.emotionnetwork.eu\/it\/wp-json\/wp\/v2\/pages\/1596"}],"wp:attachment":[{"href":"https:\/\/www.emotionnetwork.eu\/it\/wp-json\/wp\/v2\/media?parent=5025"}],"curies":[{"name":"wp","href":"https:\/\/api.w.org\/{rel}","templated":true}]}}