{"id":1618,"date":"2021-10-15T11:34:33","date_gmt":"2021-10-15T09:34:33","guid":{"rendered":"https:\/\/www.emotionnetwork.eu\/chi-siamo\/alec-ross-founder-board-member\/"},"modified":"2022-06-09T14:57:24","modified_gmt":"2022-06-09T12:57:24","slug":"alec-ross-founder-e-presidente","status":"publish","type":"page","link":"https:\/\/www.emotionnetwork.eu\/it\/chi-siamo\/alec-ross-founder-e-presidente\/","title":{"rendered":"Alec Ross"},"content":{"rendered":"<div id=\"pl-1618\"  class=\"panel-layout\" ><div id=\"pg-1618-0\"  class=\"panel-grid panel-has-style\" ><div id=\"en-txt-person\" class=\"panel-row-style panel-row-style-for-1618-0\" ><div id=\"pgc-1618-0-0\"  class=\"panel-grid-cell\" ><div id=\"panel-1618-0-0-0\" class=\"so-panel widget widget_siteorigin-panels-builder panel-first-child panel-last-child\" data-index=\"0\" ><div id=\"pl-w61efce5aede93\"  class=\"panel-layout\" ><div id=\"pg-w61efce5aede93-0\"  class=\"panel-grid panel-has-style\" ><div class=\"uk-position-relative panel-row-style panel-row-style-for-w61efce5aede93-0\" id=\"en-txt-inner\" ><div id=\"pgc-w61efce5aede93-0-0\"  class=\"panel-grid-cell\" ><div id=\"panel-w61efce5aede93-0-0-0\" class=\"so-panel widget widget_siteorigin-panels-builder panel-first-child panel-last-child\" data-index=\"0\" ><div class=\"uk-container panel-widget-style panel-widget-style-for-w61efce5aede93-0-0-0\" ><div id=\"pl-w61efc92797898\"  class=\"panel-layout\" ><div id=\"pg-w61efc92797898-0\"  class=\"panel-grid panel-no-style\" ><div id=\"pgc-w61efc92797898-0-0\"  class=\"panel-grid-cell\" ><div id=\"panel-w61efc92797898-0-0-0\" class=\"so-panel widget widget_sow-image panel-first-child panel-last-child\" data-index=\"0\" ><div\n\t\t\t\n\t\t\tclass=\"so-widget-sow-image so-widget-sow-image-default-8b5b6f678277\"\n\t\t\t\n\t\t>\n<div class=\"sow-image-container\">\n\t\t<img \n\tsrc=\"https:\/\/www.emotionnetwork.eu\/wp-content\/uploads\/2021\/10\/alec-ross.jpg\" width=\"500\" height=\"653\" srcset=\"https:\/\/www.emotionnetwork.eu\/wp-content\/uploads\/2021\/10\/alec-ross.jpg 500w, https:\/\/www.emotionnetwork.eu\/wp-content\/uploads\/2021\/10\/alec-ross-230x300.jpg 230w\" sizes=\"(max-width: 500px) 100vw, 500px\" alt=\"\" \t\tclass=\"so-widget-image\"\/>\n\t<\/div>\n\n<\/div><\/div><\/div><div id=\"pgc-w61efc92797898-0-1\"  class=\"panel-grid-cell\" ><div id=\"panel-w61efc92797898-0-1-0\" class=\"so-panel widget widget_sow-headline panel-first-child\" data-index=\"1\" ><div\n\t\t\t\n\t\t\tclass=\"so-widget-sow-headline so-widget-sow-headline-default-be838fea3029\"\n\t\t\t\n\t\t><div class=\"sow-headline-container \">\n\t\t\t\t\t\t\t<h1 class=\"sow-headline\">\n\t\t\t\t\t\tAlec Ross\t\t\t\t\t\t<\/h1>\n\t\t\t\t\t\t\t\t\t\t\t\t<h3 class=\"sow-sub-headline\">\n\t\t\t\t\t\tFounder e presidente\t\t\t\t\t\t<\/h3>\n\t\t\t\t\t\t<\/div>\n<\/div><\/div><div id=\"panel-w61efc92797898-0-1-1\" class=\"so-panel widget widget_sow-editor panel-last-child\" data-index=\"2\" ><div class=\"uk-container en-link-profile panel-widget-style panel-widget-style-for-w61efc92797898-0-1-1\" ><div\n\t\t\t\n\t\t\tclass=\"so-widget-sow-editor so-widget-sow-editor-base\"\n\t\t\t\n\t\t>\n<div class=\"siteorigin-widget-tinymce textwidget\">\n\t<p><a href=\"https:\/\/www.linkedin.com\/in\/rossalec\/\" target=\"_blank\" rel=\"noopener\">Linkedin profile<\/a><\/p>\n<\/div>\n<\/div><\/div><\/div><\/div><\/div><\/div><\/div><\/div><\/div><\/div><\/div><div id=\"pg-w61efce5aede93-1\"  class=\"panel-grid panel-has-style\" ><div class=\"uk-container  panel-row-style panel-row-style-for-w61efce5aede93-1\" id=\"en-citazione\" ><div id=\"pgc-w61efce5aede93-1-0\"  class=\"panel-grid-cell panel-grid-cell-empty\" ><\/div><div id=\"pgc-w61efce5aede93-1-1\"  class=\"panel-grid-cell\" ><div id=\"panel-w61efce5aede93-1-1-0\" class=\"so-panel widget widget_sow-editor panel-first-child panel-last-child\" data-index=\"1\" ><div\n\t\t\t\n\t\t\tclass=\"so-widget-sow-editor so-widget-sow-editor-base\"\n\t\t\t\n\t\t>\n<div class=\"siteorigin-widget-tinymce textwidget\">\n\t<p>La sua emozione \u00e8 l'euforia che viene dal duro lavoro fatto bene.<\/p>\n<\/div>\n<\/div><\/div><\/div><\/div><\/div><div id=\"pg-w61efce5aede93-2\"  class=\"panel-grid panel-has-style\" ><div class=\"uk-container panel-row-style panel-row-style-for-w61efce5aede93-2\" id=\"en-txt-bio\" ><div id=\"pgc-w61efce5aede93-2-0\"  class=\"panel-grid-cell\" ><div id=\"panel-w61efce5aede93-2-0-0\" class=\"so-panel widget widget_sow-editor panel-first-child panel-last-child\" data-index=\"2\" ><div\n\t\t\t\n\t\t\tclass=\"so-widget-sow-editor so-widget-sow-editor-base\"\n\t\t\t\n\t\t>\n<div class=\"siteorigin-widget-tinymce textwidget\">\n\t<p>Alec Ross \u00e8 uno dei maggiori esperti americani di innovazione. \u00c8 l'autore del New York Times Bestseller \"Il nostro futuro\". A partire dall\u2019uscita nel febbraio 2016, il libro \u00e8 stato pubblicato in 24 lingue ed \u00e8 diventato un best seller in quattro continenti<br \/>\nDurante l\u2019amministrazione Obama, \u00e8 stato consulente senior per l\u2019innovazione del Segretario di Stato, un ruolo creato ad hoc per modernizzare i processi diplomatici e per potenziare le aree di sviluppo nella politica estera US. Alec \u00e8 stato anche coordinatore del Technology & Media Policy Committee durante la campagna presidenziale di Barack Obama nel 2008 e ha fatto parte del team presidenziale di transizione Obama-Biden.<br \/>\nHa inoltre co-fondato e contribuito a guidare un\u2019impresa sociale incentrata sulla tecnologia fino a farla diventare un\u2019organizzazione globale al servizio di milioni di persone a basso reddito.<br \/>\nAttualmente, Ross \u00e8 componente del board di Amplo, societ\u00e0 internazionale di venture capital, e presiede consigli di amministrazione di aziende nei settori della tecnologia, della finanza, dell\u2019istruzione, del capitale umano e della sicurezza informatica.<br \/>\nDando seguito al suo impegno nell'istruzione, \u00e8 visiting professor del King's College di Londra. \u00c8 stato inoltre Distinguished Senior Fellow presso la Johns Hopkins University e Senior Fellow presso la Columbia University School of International & Public Affairs.<br \/>\nAlec vive a Baltimora (Maryland) con sua moglie e i loro tre figli.<\/p>\n<\/div>\n<\/div><\/div><\/div><\/div><\/div><\/div><\/div><\/div><\/div><\/div><div id=\"pg-1618-1\"  class=\"panel-grid panel-has-style\" ><div class=\"uk-section panel-row-style panel-row-style-for-1618-1\" id=\"en-discover\" ><div id=\"pgc-1618-1-0\"  class=\"panel-grid-cell\" ><div id=\"panel-1618-1-0-0\" class=\"so-panel widget widget_siteorigin-panels-builder panel-first-child panel-last-child\" data-index=\"1\" ><div class=\"uk-container panel-widget-style panel-widget-style-for-1618-1-0-0\" ><div id=\"pl-w61f8f287d03a6\"  class=\"panel-layout\" ><div id=\"pg-w61f8f287d03a6-0\"  class=\"panel-grid panel-no-style\" ><div id=\"pgc-w61f8f287d03a6-0-0\"  class=\"panel-grid-cell\" ><div id=\"panel-w61f8f287d03a6-0-0-0\" class=\"so-panel widget widget_sow-editor panel-first-child panel-last-child\" data-index=\"0\" ><div\n\t\t\t\n\t\t\tclass=\"so-widget-sow-editor so-widget-sow-editor-base\"\n\t\t\t\n\t\t>\n<div class=\"siteorigin-widget-tinymce textwidget\">\n\t<p>Scopri di pi\u00f9 sul nostro progetto<\/p>\n<\/div>\n<\/div><\/div><\/div><div id=\"pgc-w61f8f287d03a6-0-1\"  class=\"panel-grid-cell\" ><div id=\"panel-w61f8f287d03a6-0-1-0\" class=\"so-panel widget widget_sow-button panel-first-child panel-last-child\" data-index=\"1\" ><div class=\"panel-widget-style panel-widget-style-for-w61f8f287d03a6-0-1-0\" ><div\n\t\t\t\n\t\t\tclass=\"so-widget-sow-button so-widget-sow-button-flat-a7d9c60971a1\"\n\t\t\t\n\t\t><div class=\"ow-button-base ow-button-align-right\"\n>\n\t\t\t<a\n\t\t\t\t\thref=\"https:\/\/www.emotionnetwork.eu\/it\/contattaci\/\"\n\t\t\t\t\tclass=\"uk-button uk-button-primary sowb-button ow-icon-placement-left ow-button-hover\" \t>\n\t\t<span>\n\t\t\t\n\t\t\tCONTATTACI\t\t<\/span>\n\t\t\t<\/a>\n\t<\/div>\n<\/div><\/div><\/div><\/div><\/div><\/div><\/div><\/div><\/div><\/div><\/div><\/div>","protected":false},"excerpt":{"rendered":"<p>Alec Ross Founder e presidente Linkedin profile La sua emozione \u00e8 l&#8217;euforia che viene dal duro lavoro fatto bene. Alec Ross \u00e8 uno dei maggiori esperti americani di innovazione. \u00c8 l&#8217;autore del New York Times Bestseller &#8220;Il nostro futuro&#8221;. A [&hellip;]<\/p>\n","protected":false},"author":1,"featured_media":0,"parent":1596,"menu_order":0,"comment_status":"closed","ping_status":"closed","template":"","meta":{"inline_featured_image":false,"footnotes":""},"class_list":["post-1618","page","type-page","status-publish","hentry"],"yoast_head":"<!-- This site is optimized with the Yoast SEO plugin v27.5 - https:\/\/yoast.com\/product\/yoast-seo-wordpress\/ -->\n<title>Alec Ross - Emotion Network<\/title>\n<meta name=\"robots\" content=\"index, follow, max-snippet:-1, max-image-preview:large, max-video-preview:-1\" \/>\n<link rel=\"canonical\" href=\"https:\/\/www.emotionnetwork.eu\/it\/chi-siamo\/alec-ross-founder-e-presidente\/\" \/>\n<meta property=\"og:locale\" content=\"it_IT\" \/>\n<meta property=\"og:type\" content=\"article\" \/>\n<meta property=\"og:title\" content=\"Alec Ross - Emotion Network\" \/>\n<meta property=\"og:description\" content=\"Alec Ross Founder e presidente Linkedin profile La sua emozione \u00e8 l&#039;euforia che viene dal duro lavoro fatto bene. Alec Ross \u00e8 uno dei maggiori esperti americani di innovazione. \u00c8 l&#039;autore del New York Times Bestseller &quot;Il nostro futuro&quot;. A [&hellip;]\" \/>\n<meta property=\"og:url\" content=\"https:\/\/www.emotionnetwork.eu\/it\/chi-siamo\/alec-ross-founder-e-presidente\/\" \/>\n<meta property=\"og:site_name\" content=\"Emotion Network\" \/>\n<meta property=\"article:modified_time\" content=\"2022-06-09T12:57:24+00:00\" \/>\n<meta property=\"og:image\" content=\"https:\/\/www.emotionnetwork.eu\/wp-content\/uploads\/2021\/10\/Share_EN.jpg\" \/>\n\t<meta property=\"og:image:width\" content=\"1200\" \/>\n\t<meta property=\"og:image:height\" content=\"630\" \/>\n\t<meta property=\"og:image:type\" content=\"image\/jpeg\" \/>\n<meta name=\"twitter:card\" content=\"summary_large_image\" \/>\n<meta name=\"twitter:label1\" content=\"Tempo di lettura stimato\" \/>\n\t<meta name=\"twitter:data1\" content=\"1 minuto\" \/>\n<!-- \/ Yoast SEO plugin. -->","yoast_head_json":{"title":"Alec Ross - Emotion Network","robots":{"index":"index","follow":"follow","max-snippet":"max-snippet:-1","max-image-preview":"max-image-preview:large","max-video-preview":"max-video-preview:-1"},"canonical":"https:\/\/www.emotionnetwork.eu\/it\/chi-siamo\/alec-ross-founder-e-presidente\/","og_locale":"it_IT","og_type":"article","og_title":"Alec Ross - Emotion Network","og_description":"Alec Ross Founder e presidente Linkedin profile La sua emozione \u00e8 l'euforia che viene dal duro lavoro fatto bene. Alec Ross \u00e8 uno dei maggiori esperti americani di innovazione. \u00c8 l'autore del New York Times Bestseller \"Il nostro futuro\". A [&hellip;]","og_url":"https:\/\/www.emotionnetwork.eu\/it\/chi-siamo\/alec-ross-founder-e-presidente\/","og_site_name":"Emotion Network","article_modified_time":"2022-06-09T12:57:24+00:00","og_image":[{"width":1200,"height":630,"url":"https:\/\/www.emotionnetwork.eu\/wp-content\/uploads\/2021\/10\/Share_EN.jpg","type":"image\/jpeg"}],"twitter_card":"summary_large_image","twitter_misc":{"Tempo di lettura stimato":"1 minuto"},"schema":{"@context":"https:\/\/schema.org","@graph":[{"@type":"WebPage","@id":"https:\/\/www.emotionnetwork.eu\/it\/chi-siamo\/alec-ross-founder-e-presidente\/","url":"https:\/\/www.emotionnetwork.eu\/it\/chi-siamo\/alec-ross-founder-e-presidente\/","name":"Alec Ross - Emotion Network","isPartOf":{"@id":"https:\/\/www.emotionnetwork.eu\/it\/#website"},"datePublished":"2021-10-15T09:34:33+00:00","dateModified":"2022-06-09T12:57:24+00:00","breadcrumb":{"@id":"https:\/\/www.emotionnetwork.eu\/it\/chi-siamo\/alec-ross-founder-e-presidente\/#breadcrumb"},"inLanguage":"it-IT","potentialAction":[{"@type":"ReadAction","target":["https:\/\/www.emotionnetwork.eu\/it\/chi-siamo\/alec-ross-founder-e-presidente\/"]}]},{"@type":"BreadcrumbList","@id":"https:\/\/www.emotionnetwork.eu\/it\/chi-siamo\/alec-ross-founder-e-presidente\/#breadcrumb","itemListElement":[{"@type":"ListItem","position":1,"name":"Home","item":"https:\/\/www.emotionnetwork.eu\/it\/"},{"@type":"ListItem","position":2,"name":"Chi siamo","item":"https:\/\/www.emotionnetwork.eu\/it\/chi-siamo\/"},{"@type":"ListItem","position":3,"name":"Alec Ross"}]},{"@type":"WebSite","@id":"https:\/\/www.emotionnetwork.eu\/it\/#website","url":"https:\/\/www.emotionnetwork.eu\/it\/","name":"Emotion Network","description":"","potentialAction":[{"@type":"SearchAction","target":{"@type":"EntryPoint","urlTemplate":"https:\/\/www.emotionnetwork.eu\/it\/?s={search_term_string}"},"query-input":{"@type":"PropertyValueSpecification","valueRequired":true,"valueName":"search_term_string"}}],"inLanguage":"it-IT"}]}},"_links":{"self":[{"href":"https:\/\/www.emotionnetwork.eu\/it\/wp-json\/wp\/v2\/pages\/1618","targetHints":{"allow":["GET"]}}],"collection":[{"href":"https:\/\/www.emotionnetwork.eu\/it\/wp-json\/wp\/v2\/pages"}],"about":[{"href":"https:\/\/www.emotionnetwork.eu\/it\/wp-json\/wp\/v2\/types\/page"}],"author":[{"embeddable":true,"href":"https:\/\/www.emotionnetwork.eu\/it\/wp-json\/wp\/v2\/users\/1"}],"replies":[{"embeddable":true,"href":"https:\/\/www.emotionnetwork.eu\/it\/wp-json\/wp\/v2\/comments?post=1618"}],"version-history":[{"count":8,"href":"https:\/\/www.emotionnetwork.eu\/it\/wp-json\/wp\/v2\/pages\/1618\/revisions"}],"predecessor-version":[{"id":2098,"href":"https:\/\/www.emotionnetwork.eu\/it\/wp-json\/wp\/v2\/pages\/1618\/revisions\/2098"}],"up":[{"embeddable":true,"href":"https:\/\/www.emotionnetwork.eu\/it\/wp-json\/wp\/v2\/pages\/1596"}],"wp:attachment":[{"href":"https:\/\/www.emotionnetwork.eu\/it\/wp-json\/wp\/v2\/media?parent=1618"}],"curies":[{"name":"wp","href":"https:\/\/api.w.org\/{rel}","templated":true}]}}