{"id":1648,"date":"2021-10-15T11:53:29","date_gmt":"2021-10-15T09:53:29","guid":{"rendered":"https:\/\/www.emotionnetwork.eu\/chi-siamo\/lorenzo-calcagni-board-member\/"},"modified":"2022-06-09T14:58:59","modified_gmt":"2022-06-09T12:58:59","slug":"lorenzo-calcagni-board-member","status":"publish","type":"page","link":"http:\/\/www.emotionnetwork.eu\/it\/chi-siamo\/lorenzo-calcagni-board-member\/","title":{"rendered":"Lorenzo Calcagni"},"content":{"rendered":"<div id=\"pl-1648\"  class=\"panel-layout\" ><div id=\"pg-1648-0\"  class=\"panel-grid panel-has-style\" ><div id=\"en-txt-person\" class=\"panel-row-style panel-row-style-for-1648-0\" ><div id=\"pgc-1648-0-0\"  class=\"panel-grid-cell\" ><div id=\"panel-1648-0-0-0\" class=\"so-panel widget widget_siteorigin-panels-builder panel-first-child panel-last-child\" data-index=\"0\" ><div id=\"pl-w61f8f9fb0799a\"  class=\"panel-layout\" ><div id=\"pg-w61f8f9fb0799a-0\"  class=\"panel-grid panel-has-style\" ><div class=\"uk-position-relative panel-row-style panel-row-style-for-w61f8f9fb0799a-0\" id=\"en-txt-inner\" ><div id=\"pgc-w61f8f9fb0799a-0-0\"  class=\"panel-grid-cell\" ><div id=\"panel-w61f8f9fb0799a-0-0-0\" class=\"so-panel widget widget_siteorigin-panels-builder panel-first-child panel-last-child\" data-index=\"0\" ><div class=\"uk-container panel-widget-style panel-widget-style-for-w61f8f9fb0799a-0-0-0\" ><div id=\"pl-w61efdf58177ee\"  class=\"panel-layout\" ><div id=\"pg-w61efdf58177ee-0\"  class=\"panel-grid panel-no-style\" ><div id=\"pgc-w61efdf58177ee-0-0\"  class=\"panel-grid-cell\" ><div id=\"panel-w61efdf58177ee-0-0-0\" class=\"so-panel widget widget_sow-image panel-first-child panel-last-child\" data-index=\"0\" ><div\n\t\t\t\n\t\t\tclass=\"so-widget-sow-image so-widget-sow-image-default-8b5b6f678277\"\n\t\t\t\n\t\t>\n<div class=\"sow-image-container\">\n\t\t<img \n\tsrc=\"http:\/\/www.emotionnetwork.eu\/wp-content\/uploads\/2021\/10\/lorenzo-calcagni.jpg\" width=\"544\" height=\"710\" srcset=\"http:\/\/www.emotionnetwork.eu\/wp-content\/uploads\/2021\/10\/lorenzo-calcagni.jpg 544w, http:\/\/www.emotionnetwork.eu\/wp-content\/uploads\/2021\/10\/lorenzo-calcagni-230x300.jpg 230w\" sizes=\"(max-width: 544px) 100vw, 544px\" alt=\"\" \t\tclass=\"so-widget-image\"\/>\n\t<\/div>\n\n<\/div><\/div><\/div><div id=\"pgc-w61efdf58177ee-0-1\"  class=\"panel-grid-cell\" ><div id=\"panel-w61efdf58177ee-0-1-0\" class=\"so-panel widget widget_sow-headline panel-first-child\" data-index=\"1\" ><div\n\t\t\t\n\t\t\tclass=\"so-widget-sow-headline so-widget-sow-headline-default-be838fea3029\"\n\t\t\t\n\t\t><div class=\"sow-headline-container \">\n\t\t\t\t\t\t\t<h1 class=\"sow-headline\">\n\t\t\t\t\t\tLorenzo Calcagni\t\t\t\t\t\t<\/h1>\n\t\t\t\t\t\t\t\t\t\t\t\t<h3 class=\"sow-sub-headline\">\n\t\t\t\t\t\tBoard Member\t\t\t\t\t\t<\/h3>\n\t\t\t\t\t\t<\/div>\n<\/div><\/div><div id=\"panel-w61efdf58177ee-0-1-1\" class=\"so-panel widget widget_sow-editor panel-last-child\" data-index=\"2\" ><div class=\"uk-container en-link-profile panel-widget-style panel-widget-style-for-w61efdf58177ee-0-1-1\" ><div\n\t\t\t\n\t\t\tclass=\"so-widget-sow-editor so-widget-sow-editor-base\"\n\t\t\t\n\t\t>\n<div class=\"siteorigin-widget-tinymce textwidget\">\n\t<p><a href=\"https:\/\/www.linkedin.com\/in\/lorenzocalcagni\/\" target=\"_blank\" rel=\"noopener\">Linkedin profile<\/a><\/p>\n<\/div>\n<\/div><\/div><\/div><\/div><\/div><\/div><\/div><\/div><\/div><\/div><\/div><div id=\"pg-w61f8f9fb0799a-1\"  class=\"panel-grid panel-has-style\" ><div class=\"uk-container  panel-row-style panel-row-style-for-w61f8f9fb0799a-1\" id=\"en-citazione\" ><div id=\"pgc-w61f8f9fb0799a-1-0\"  class=\"panel-grid-cell panel-grid-cell-empty\" ><\/div><div id=\"pgc-w61f8f9fb0799a-1-1\"  class=\"panel-grid-cell\" ><div id=\"panel-w61f8f9fb0799a-1-1-0\" class=\"so-panel widget widget_sow-editor panel-first-child panel-last-child\" data-index=\"1\" ><div\n\t\t\t\n\t\t\tclass=\"so-widget-sow-editor so-widget-sow-editor-base\"\n\t\t\t\n\t\t>\n<div class=\"siteorigin-widget-tinymce textwidget\">\n\t<p>L'emozione di Lorenzo \u00e8 vivere una vita sana ispirata da innovazioni dirompenti.<\/p>\n<\/div>\n<\/div><\/div><\/div><\/div><\/div><div id=\"pg-w61f8f9fb0799a-2\"  class=\"panel-grid panel-has-style\" ><div class=\"uk-container panel-row-style panel-row-style-for-w61f8f9fb0799a-2\" id=\"en-txt-bio\" ><div id=\"pgc-w61f8f9fb0799a-2-0\"  class=\"panel-grid-cell\" ><div id=\"panel-w61f8f9fb0799a-2-0-0\" class=\"so-panel widget widget_sow-editor panel-first-child panel-last-child\" data-index=\"2\" ><div\n\t\t\t\n\t\t\tclass=\"so-widget-sow-editor so-widget-sow-editor-base\"\n\t\t\t\n\t\t>\n<div class=\"siteorigin-widget-tinymce textwidget\">\n\t<p>Dopo la laurea in Psicologia e Comunicazione all'Universit\u00e0 Vita-Salute San Raffaele di Milano, Lorenzo ha conseguito un master in Marketing Internazionale al King's College di Londra.<br \/>\nLorenzo ha iniziato la sua carriera in Google a Milano e dopo due anni \u00e8 tornato a Londra, dove \u00e8 diventato Online Marketing Manager di Amazon. Dopo queste due esperienze in corporate del settore tech, \u00e8 entrato come Country Manger per l'Italia in MADE.COM, una delle scale-up inglesi di maggior successo.<br \/>\nNegli ultimi tre anni ha ricoperto la posizione di Chief Operating Officer presso FLOWERBX, un'azienda con sede a Londra che consegna fiori di lusso  ed \u00e8 passata da 5 a 50 dipendenti aprendo ulteriori sedi a Parigi, Amsterdam e New York.<br \/>\nA settembre 2019 \u00e8 diventato General Manager di U-Start, una societ\u00e0 di advisory professionale che struttura club deal attraverso un network di investitori privati che lavorano al fianco di fondi VC in round che vanno dalla Serie A alla Serie C per aziende digitali e tech globali.<br \/>\nOggi Lorenzo \u00e8 Partner di Milano Investment Partners SGR.<br \/>\n\u00c8 un amante del cibo sano, un viaggiatore e un appassionato di sport all'aperto. \u00c8 anche un appassionato cultore di nuovi media e innovazione.<\/p>\n<\/div>\n<\/div><\/div><\/div><\/div><\/div><\/div><\/div><\/div><\/div><\/div><div id=\"pg-1648-1\"  class=\"panel-grid panel-has-style\" ><div class=\"uk-section panel-row-style panel-row-style-for-1648-1\" id=\"en-discover\" ><div id=\"pgc-1648-1-0\"  class=\"panel-grid-cell\" ><div id=\"panel-1648-1-0-0\" class=\"so-panel widget widget_siteorigin-panels-builder panel-first-child panel-last-child\" data-index=\"1\" ><div class=\"uk-container panel-widget-style panel-widget-style-for-1648-1-0-0\" ><div id=\"pl-w61f8f287d03a6\"  class=\"panel-layout\" ><div id=\"pg-w61f8f287d03a6-0\"  class=\"panel-grid panel-no-style\" ><div id=\"pgc-w61f8f287d03a6-0-0\"  class=\"panel-grid-cell\" ><div id=\"panel-w61f8f287d03a6-0-0-0\" class=\"so-panel widget widget_sow-editor panel-first-child panel-last-child\" data-index=\"0\" ><div\n\t\t\t\n\t\t\tclass=\"so-widget-sow-editor so-widget-sow-editor-base\"\n\t\t\t\n\t\t>\n<div class=\"siteorigin-widget-tinymce textwidget\">\n\t<p>Scopri di pi\u00f9 sul nostro progetto<\/p>\n<\/div>\n<\/div><\/div><\/div><div id=\"pgc-w61f8f287d03a6-0-1\"  class=\"panel-grid-cell\" ><div id=\"panel-w61f8f287d03a6-0-1-0\" class=\"so-panel widget widget_sow-button panel-first-child panel-last-child\" data-index=\"1\" ><div class=\"panel-widget-style panel-widget-style-for-w61f8f287d03a6-0-1-0\" ><div\n\t\t\t\n\t\t\tclass=\"so-widget-sow-button so-widget-sow-button-flat-a7d9c60971a1\"\n\t\t\t\n\t\t><div class=\"ow-button-base ow-button-align-right\"\n>\n\t\t\t<a\n\t\t\t\t\thref=\"https:\/\/www.emotionnetwork.eu\/it\/contattaci\/\"\n\t\t\t\t\tclass=\"uk-button uk-button-primary sowb-button ow-icon-placement-left ow-button-hover\" \t>\n\t\t<span>\n\t\t\t\n\t\t\tCONTATTACI\t\t<\/span>\n\t\t\t<\/a>\n\t<\/div>\n<\/div><\/div><\/div><\/div><\/div><\/div><\/div><\/div><\/div><\/div><\/div><\/div>","protected":false},"excerpt":{"rendered":"<p>Lorenzo Calcagni Board Member Linkedin profile L&#8217;emozione di Lorenzo \u00e8 vivere una vita sana ispirata da innovazioni dirompenti. Dopo la laurea in Psicologia e Comunicazione all&#8217;Universit\u00e0 Vita-Salute San Raffaele di Milano, Lorenzo ha conseguito un master in Marketing Internazionale al [&hellip;]<\/p>\n","protected":false},"author":1,"featured_media":0,"parent":1596,"menu_order":0,"comment_status":"closed","ping_status":"closed","template":"","meta":{"inline_featured_image":false,"footnotes":""},"class_list":["post-1648","page","type-page","status-publish","hentry"],"yoast_head":"<!-- This site is optimized with the Yoast SEO plugin v27.6 - https:\/\/yoast.com\/product\/yoast-seo-wordpress\/ -->\n<title>Lorenzo Calcagni - Emotion Network<\/title>\n<meta name=\"robots\" content=\"index, follow, max-snippet:-1, max-image-preview:large, max-video-preview:-1\" \/>\n<link rel=\"canonical\" href=\"http:\/\/www.emotionnetwork.eu\/it\/chi-siamo\/lorenzo-calcagni-board-member\/\" \/>\n<meta property=\"og:locale\" content=\"it_IT\" \/>\n<meta property=\"og:type\" content=\"article\" \/>\n<meta property=\"og:title\" content=\"Lorenzo Calcagni - Emotion Network\" \/>\n<meta property=\"og:description\" content=\"Lorenzo Calcagni Board Member Linkedin profile L&#039;emozione di Lorenzo \u00e8 vivere una vita sana ispirata da innovazioni dirompenti. Dopo la laurea in Psicologia e Comunicazione all&#039;Universit\u00e0 Vita-Salute San Raffaele di Milano, Lorenzo ha conseguito un master in Marketing Internazionale al [&hellip;]\" \/>\n<meta property=\"og:url\" content=\"http:\/\/www.emotionnetwork.eu\/it\/chi-siamo\/lorenzo-calcagni-board-member\/\" \/>\n<meta property=\"og:site_name\" content=\"Emotion Network\" \/>\n<meta property=\"article:modified_time\" content=\"2022-06-09T12:58:59+00:00\" \/>\n<meta property=\"og:image\" content=\"http:\/\/www.emotionnetwork.eu\/wp-content\/uploads\/2021\/10\/Share_EN.jpg\" \/>\n\t<meta property=\"og:image:width\" content=\"1200\" \/>\n\t<meta property=\"og:image:height\" content=\"630\" \/>\n\t<meta property=\"og:image:type\" content=\"image\/jpeg\" \/>\n<meta name=\"twitter:card\" content=\"summary_large_image\" \/>\n<meta name=\"twitter:label1\" content=\"Tempo di lettura stimato\" \/>\n\t<meta name=\"twitter:data1\" content=\"1 minuto\" \/>\n<!-- \/ Yoast SEO plugin. -->","yoast_head_json":{"title":"Lorenzo Calcagni - Emotion Network","robots":{"index":"index","follow":"follow","max-snippet":"max-snippet:-1","max-image-preview":"max-image-preview:large","max-video-preview":"max-video-preview:-1"},"canonical":"http:\/\/www.emotionnetwork.eu\/it\/chi-siamo\/lorenzo-calcagni-board-member\/","og_locale":"it_IT","og_type":"article","og_title":"Lorenzo Calcagni - Emotion Network","og_description":"Lorenzo Calcagni Board Member Linkedin profile L'emozione di Lorenzo \u00e8 vivere una vita sana ispirata da innovazioni dirompenti. Dopo la laurea in Psicologia e Comunicazione all'Universit\u00e0 Vita-Salute San Raffaele di Milano, Lorenzo ha conseguito un master in Marketing Internazionale al [&hellip;]","og_url":"http:\/\/www.emotionnetwork.eu\/it\/chi-siamo\/lorenzo-calcagni-board-member\/","og_site_name":"Emotion Network","article_modified_time":"2022-06-09T12:58:59+00:00","og_image":[{"width":1200,"height":630,"url":"http:\/\/www.emotionnetwork.eu\/wp-content\/uploads\/2021\/10\/Share_EN.jpg","type":"image\/jpeg"}],"twitter_card":"summary_large_image","twitter_misc":{"Tempo di lettura stimato":"1 minuto"},"schema":{"@context":"https:\/\/schema.org","@graph":[{"@type":"WebPage","@id":"http:\/\/www.emotionnetwork.eu\/it\/chi-siamo\/lorenzo-calcagni-board-member\/","url":"http:\/\/www.emotionnetwork.eu\/it\/chi-siamo\/lorenzo-calcagni-board-member\/","name":"Lorenzo Calcagni - Emotion Network","isPartOf":{"@id":"http:\/\/www.emotionnetwork.eu\/#website"},"datePublished":"2021-10-15T09:53:29+00:00","dateModified":"2022-06-09T12:58:59+00:00","breadcrumb":{"@id":"http:\/\/www.emotionnetwork.eu\/it\/chi-siamo\/lorenzo-calcagni-board-member\/#breadcrumb"},"inLanguage":"it-IT","potentialAction":[{"@type":"ReadAction","target":["http:\/\/www.emotionnetwork.eu\/it\/chi-siamo\/lorenzo-calcagni-board-member\/"]}]},{"@type":"BreadcrumbList","@id":"http:\/\/www.emotionnetwork.eu\/it\/chi-siamo\/lorenzo-calcagni-board-member\/#breadcrumb","itemListElement":[{"@type":"ListItem","position":1,"name":"Home","item":"https:\/\/www.emotionnetwork.eu\/it\/"},{"@type":"ListItem","position":2,"name":"Chi siamo","item":"https:\/\/www.emotionnetwork.eu\/it\/chi-siamo\/"},{"@type":"ListItem","position":3,"name":"Lorenzo Calcagni"}]},{"@type":"WebSite","@id":"http:\/\/www.emotionnetwork.eu\/#website","url":"http:\/\/www.emotionnetwork.eu\/","name":"Emotion Network","description":"","potentialAction":[{"@type":"SearchAction","target":{"@type":"EntryPoint","urlTemplate":"http:\/\/www.emotionnetwork.eu\/?s={search_term_string}"},"query-input":{"@type":"PropertyValueSpecification","valueRequired":true,"valueName":"search_term_string"}}],"inLanguage":"it-IT"}]}},"_links":{"self":[{"href":"http:\/\/www.emotionnetwork.eu\/it\/wp-json\/wp\/v2\/pages\/1648","targetHints":{"allow":["GET"]}}],"collection":[{"href":"http:\/\/www.emotionnetwork.eu\/it\/wp-json\/wp\/v2\/pages"}],"about":[{"href":"http:\/\/www.emotionnetwork.eu\/it\/wp-json\/wp\/v2\/types\/page"}],"author":[{"embeddable":true,"href":"http:\/\/www.emotionnetwork.eu\/it\/wp-json\/wp\/v2\/users\/1"}],"replies":[{"embeddable":true,"href":"http:\/\/www.emotionnetwork.eu\/it\/wp-json\/wp\/v2\/comments?post=1648"}],"version-history":[{"count":7,"href":"http:\/\/www.emotionnetwork.eu\/it\/wp-json\/wp\/v2\/pages\/1648\/revisions"}],"predecessor-version":[{"id":2111,"href":"http:\/\/www.emotionnetwork.eu\/it\/wp-json\/wp\/v2\/pages\/1648\/revisions\/2111"}],"up":[{"embeddable":true,"href":"http:\/\/www.emotionnetwork.eu\/it\/wp-json\/wp\/v2\/pages\/1596"}],"wp:attachment":[{"href":"http:\/\/www.emotionnetwork.eu\/it\/wp-json\/wp\/v2\/media?parent=1648"}],"curies":[{"name":"wp","href":"https:\/\/api.w.org\/{rel}","templated":true}]}}