{"id":1637,"date":"2021-10-15T11:05:40","date_gmt":"2021-10-15T09:05:40","guid":{"rendered":"https:\/\/www.emotionnetwork.eu\/chi-siamo\/gianluca-dagostino-founder-board-member\/"},"modified":"2024-01-12T11:14:27","modified_gmt":"2024-01-12T10:14:27","slug":"gianluca-dagostino-founder-board-member","status":"publish","type":"page","link":"http:\/\/www.emotionnetwork.eu\/it\/chi-siamo\/gianluca-dagostino-founder-board-member\/","title":{"rendered":"Gianluca D&#8217;Agostino"},"content":{"rendered":"<div id=\"pl-1637\"  class=\"panel-layout\" ><div id=\"pg-1637-0\"  class=\"panel-grid panel-has-style\" ><div id=\"en-txt-person\" class=\"panel-row-style panel-row-style-for-1637-0\" ><div id=\"pgc-1637-0-0\"  class=\"panel-grid-cell\" ><div id=\"panel-1637-0-0-0\" class=\"so-panel widget widget_siteorigin-panels-builder panel-first-child panel-last-child\" data-index=\"0\" ><div id=\"pl-w62a1ed9bd56aa\"  class=\"panel-layout\" ><div id=\"pg-w62a1ed9bd56aa-0\"  class=\"panel-grid panel-has-style\" ><div class=\"uk-position-relative panel-row-style panel-row-style-for-w62a1ed9bd56aa-0\" id=\"en-txt-inner\" ><div id=\"pgc-w62a1ed9bd56aa-0-0\"  class=\"panel-grid-cell\" ><div id=\"panel-w62a1ed9bd56aa-0-0-0\" class=\"so-panel widget widget_siteorigin-panels-builder panel-first-child panel-last-child\" data-index=\"0\" ><div class=\"uk-container panel-widget-style panel-widget-style-for-w62a1ed9bd56aa-0-0-0\" ><div id=\"pl-w61efde3778200\"  class=\"panel-layout\" ><div id=\"pg-w61efde3778200-0\"  class=\"panel-grid panel-no-style\" ><div id=\"pgc-w61efde3778200-0-0\"  class=\"panel-grid-cell\" ><div id=\"panel-w61efde3778200-0-0-0\" class=\"so-panel widget widget_sow-image panel-first-child panel-last-child\" data-index=\"0\" ><div\n\t\t\t\n\t\t\tclass=\"so-widget-sow-image so-widget-sow-image-default-8b5b6f678277\"\n\t\t\t\n\t\t>\n<div class=\"sow-image-container\">\n\t\t<img \n\tsrc=\"http:\/\/www.emotionnetwork.eu\/wp-content\/uploads\/2021\/10\/gianluca-d-agostino.jpg\" width=\"500\" height=\"653\" srcset=\"http:\/\/www.emotionnetwork.eu\/wp-content\/uploads\/2021\/10\/gianluca-d-agostino.jpg 500w, http:\/\/www.emotionnetwork.eu\/wp-content\/uploads\/2021\/10\/gianluca-d-agostino-230x300.jpg 230w\" sizes=\"(max-width: 500px) 100vw, 500px\" alt=\"\" \t\tclass=\"so-widget-image\"\/>\n\t<\/div>\n\n<\/div><\/div><\/div><div id=\"pgc-w61efde3778200-0-1\"  class=\"panel-grid-cell\" ><div id=\"panel-w61efde3778200-0-1-0\" class=\"so-panel widget widget_sow-headline panel-first-child\" data-index=\"1\" ><div\n\t\t\t\n\t\t\tclass=\"so-widget-sow-headline so-widget-sow-headline-default-be838fea3029\"\n\t\t\t\n\t\t><div class=\"sow-headline-container \">\n\t\t\t\t\t\t\t<h1 class=\"sow-headline\">\n\t\t\t\t\t\tGianluca D'Agostino\t\t\t\t\t\t<\/h1>\n\t\t\t\t\t\t\t\t\t\t\t\t<h3 class=\"sow-sub-headline\">\n\t\t\t\t\t\tFounder e Board Member\t\t\t\t\t\t<\/h3>\n\t\t\t\t\t\t<\/div>\n<\/div><\/div><div id=\"panel-w61efde3778200-0-1-1\" class=\"so-panel widget widget_sow-editor panel-last-child\" data-index=\"2\" ><div class=\"uk-container en-link-profile panel-widget-style panel-widget-style-for-w61efde3778200-0-1-1\" ><div\n\t\t\t\n\t\t\tclass=\"so-widget-sow-editor so-widget-sow-editor-base\"\n\t\t\t\n\t\t>\n<div class=\"siteorigin-widget-tinymce textwidget\">\n\t<p><a href=\"https:\/\/www.linkedin.com\/in\/giandago\/\" target=\"_blank\" rel=\"noopener\">Linkedin profile<\/a><\/p>\n<\/div>\n<\/div><\/div><\/div><\/div><\/div><\/div><\/div><\/div><\/div><\/div><\/div><div id=\"pg-w62a1ed9bd56aa-1\"  class=\"panel-grid panel-has-style\" ><div class=\"uk-container  panel-row-style panel-row-style-for-w62a1ed9bd56aa-1\" id=\"en-citazione\" ><div id=\"pgc-w62a1ed9bd56aa-1-0\"  class=\"panel-grid-cell panel-grid-cell-empty\" ><\/div><div id=\"pgc-w62a1ed9bd56aa-1-1\"  class=\"panel-grid-cell\" ><div id=\"panel-w62a1ed9bd56aa-1-1-0\" class=\"so-panel widget widget_sow-editor panel-first-child panel-last-child\" data-index=\"1\" ><div\n\t\t\t\n\t\t\tclass=\"so-widget-sow-editor so-widget-sow-editor-base\"\n\t\t\t\n\t\t>\n<div class=\"siteorigin-widget-tinymce textwidget\">\n\t<p>Gianluca \u00e8 animato dalla ricerca continua di sfide e ama l'emozione innescata dagli eventi sportivi.<\/p>\n<\/div>\n<\/div><\/div><\/div><\/div><\/div><div id=\"pg-w62a1ed9bd56aa-2\"  class=\"panel-grid panel-has-style\" ><div class=\"uk-container panel-row-style panel-row-style-for-w62a1ed9bd56aa-2\" id=\"en-txt-bio\" ><div id=\"pgc-w62a1ed9bd56aa-2-0\"  class=\"panel-grid-cell\" ><div id=\"panel-w62a1ed9bd56aa-2-0-0\" class=\"so-panel widget widget_sow-editor panel-first-child panel-last-child\" data-index=\"2\" ><div\n\t\t\t\n\t\t\tclass=\"so-widget-sow-editor so-widget-sow-editor-base\"\n\t\t\t\n\t\t>\n<div class=\"siteorigin-widget-tinymce textwidget\">\n\t<p>Gianluca D'Agostino \u00e8 Founder e Managing Partner di The Techshop SGR, una nuova societ\u00e0 di gestione patrimoniale e fondo di venture capital con sede a Milano.<\/p>\n<p>In 25 anni di carriera globale come manager, fondatore e investitore, ha avviato, guidato e ispirato talenti e team, assicurandosi che ogni impresa avesse obiettivi e finalit\u00e0 basati sui dati. La sua vera passione e la sua forza risiedono nello scalare un'azienda lungo i vari assi di crescita: partnership, talent scouting, organizzazione, espansione globale, M&A. Prima di lanciare Techshop, \u00e8 stato impegnato come Angel investor in decine di start-up europee, a fianco di reti di Angel e societ\u00e0 di Venture Capital e ha ricoperto il ruolo di membro del Consiglio di Amministrazione in aziende pubbliche e private nel Regno Unito, in India, nei Paesi Bassi e in Italia.<\/p>\n<p>Il suo principale successo imprenditoriale \u00e8 stato Neomobile Spa, co-fondata nel 2007 a Roma. Ha guidato Neomobile come CEO facendo crescere l'azienda in modo organico e tramite M&A tra il 2007 e il 2015, fino a farla diventare una piattaforma di monetizzazione mobile globale per i contenuti e una delle aziende digitali italiane di maggior successo (1 miliardo di euro di fatturato generato negli anni). In precedenza ha ricoperto diversi ruoli dirigenziali in aziende come TIM e KPMG.<\/p>\n<p>Oggi Gianluca \u00e8 un evangelista delle imprese tecnologiche (costruendo e investendo) e tiene conferenze in eventi di alto livello in tutto il mondo. Ha inoltre investito tempo ed energie in iniziative in grado di catalizzare una spinta dell'ecosistema Tech italiano: in quest'ottica ha fondato Emotion Network, con un gruppo di amici prestigiosi.<\/p>\n<p>Ha vissuto e gestito aziende in Italia, Francia, Regno Unito, Turchia e America Latina. Dopo 10 anni a Londra \u00e8 recentemente tornato a vivere in Italia, con la moglie e i due figli.<\/p>\n<\/div>\n<\/div><\/div><\/div><\/div><\/div><\/div><\/div><\/div><\/div><\/div><div id=\"pg-1637-1\"  class=\"panel-grid panel-has-style\" ><div class=\"uk-section panel-row-style panel-row-style-for-1637-1\" id=\"en-discover\" ><div id=\"pgc-1637-1-0\"  class=\"panel-grid-cell\" ><div id=\"panel-1637-1-0-0\" class=\"so-panel widget widget_siteorigin-panels-builder panel-first-child panel-last-child\" data-index=\"1\" ><div class=\"uk-container panel-widget-style panel-widget-style-for-1637-1-0-0\" ><div id=\"pl-w61f8f287d03a6\"  class=\"panel-layout\" ><div id=\"pg-w61f8f287d03a6-0\"  class=\"panel-grid panel-no-style\" ><div id=\"pgc-w61f8f287d03a6-0-0\"  class=\"panel-grid-cell\" ><div id=\"panel-w61f8f287d03a6-0-0-0\" class=\"so-panel widget widget_sow-editor panel-first-child panel-last-child\" data-index=\"0\" ><div\n\t\t\t\n\t\t\tclass=\"so-widget-sow-editor so-widget-sow-editor-base\"\n\t\t\t\n\t\t>\n<div class=\"siteorigin-widget-tinymce textwidget\">\n\t<p>Scopri di pi\u00f9 sul nostro progetto<\/p>\n<\/div>\n<\/div><\/div><\/div><div id=\"pgc-w61f8f287d03a6-0-1\"  class=\"panel-grid-cell\" ><div id=\"panel-w61f8f287d03a6-0-1-0\" class=\"so-panel widget widget_sow-button panel-first-child panel-last-child\" data-index=\"1\" ><div class=\"panel-widget-style panel-widget-style-for-w61f8f287d03a6-0-1-0\" ><div\n\t\t\t\n\t\t\tclass=\"so-widget-sow-button so-widget-sow-button-flat-a7d9c60971a1\"\n\t\t\t\n\t\t><div class=\"ow-button-base ow-button-align-right\"\n>\n\t\t\t<a\n\t\t\t\t\thref=\"https:\/\/www.emotionnetwork.eu\/it\/contattaci\/\"\n\t\t\t\t\tclass=\"uk-button uk-button-primary sowb-button ow-icon-placement-left ow-button-hover\" \t>\n\t\t<span>\n\t\t\t\n\t\t\tCONTATTACI\t\t<\/span>\n\t\t\t<\/a>\n\t<\/div>\n<\/div><\/div><\/div><\/div><\/div><\/div><\/div><\/div><\/div><\/div><\/div><\/div>","protected":false},"excerpt":{"rendered":"<p>Gianluca D&#8217;Agostino Founder e Board Member Linkedin profile Gianluca \u00e8 animato dalla ricerca continua di sfide e ama l&#8217;emozione innescata dagli eventi sportivi. Gianluca D&#8217;Agostino \u00e8 Founder e Managing Partner di The Techshop SGR, una nuova societ\u00e0 di gestione patrimoniale [&hellip;]<\/p>\n","protected":false},"author":1,"featured_media":0,"parent":1596,"menu_order":0,"comment_status":"closed","ping_status":"closed","template":"","meta":{"inline_featured_image":false,"footnotes":""},"class_list":["post-1637","page","type-page","status-publish","hentry"],"yoast_head":"<!-- This site is optimized with the Yoast SEO plugin v27.5 - https:\/\/yoast.com\/product\/yoast-seo-wordpress\/ -->\n<title>Gianluca D&#039;Agostino - Emotion Network<\/title>\n<meta name=\"robots\" content=\"index, follow, max-snippet:-1, max-image-preview:large, max-video-preview:-1\" \/>\n<link rel=\"canonical\" href=\"https:\/\/www.emotionnetwork.eu\/it\/chi-siamo\/gianluca-dagostino-founder-board-member\/\" \/>\n<meta property=\"og:locale\" content=\"it_IT\" \/>\n<meta property=\"og:type\" content=\"article\" \/>\n<meta property=\"og:title\" content=\"Gianluca D&#039;Agostino - Emotion Network\" \/>\n<meta property=\"og:description\" content=\"Gianluca D&#039;Agostino Founder e Board Member Linkedin profile Gianluca \u00e8 animato dalla ricerca continua di sfide e ama l&#039;emozione innescata dagli eventi sportivi. Gianluca D&#039;Agostino \u00e8 Founder e Managing Partner di The Techshop SGR, una nuova societ\u00e0 di gestione patrimoniale [&hellip;]\" \/>\n<meta property=\"og:url\" content=\"https:\/\/www.emotionnetwork.eu\/it\/chi-siamo\/gianluca-dagostino-founder-board-member\/\" \/>\n<meta property=\"og:site_name\" content=\"Emotion Network\" \/>\n<meta property=\"article:modified_time\" content=\"2024-01-12T10:14:27+00:00\" \/>\n<meta property=\"og:image\" content=\"http:\/\/www.emotionnetwork.eu\/wp-content\/uploads\/2021\/10\/Share_EN.jpg\" \/>\n\t<meta property=\"og:image:width\" content=\"1200\" \/>\n\t<meta property=\"og:image:height\" content=\"630\" \/>\n\t<meta property=\"og:image:type\" content=\"image\/jpeg\" \/>\n<meta name=\"twitter:card\" content=\"summary_large_image\" \/>\n<meta name=\"twitter:label1\" content=\"Tempo di lettura stimato\" \/>\n\t<meta name=\"twitter:data1\" content=\"2 minuti\" \/>\n<!-- \/ Yoast SEO plugin. -->","yoast_head_json":{"title":"Gianluca D'Agostino - Emotion Network","robots":{"index":"index","follow":"follow","max-snippet":"max-snippet:-1","max-image-preview":"max-image-preview:large","max-video-preview":"max-video-preview:-1"},"canonical":"https:\/\/www.emotionnetwork.eu\/it\/chi-siamo\/gianluca-dagostino-founder-board-member\/","og_locale":"it_IT","og_type":"article","og_title":"Gianluca D'Agostino - Emotion Network","og_description":"Gianluca D'Agostino Founder e Board Member Linkedin profile Gianluca \u00e8 animato dalla ricerca continua di sfide e ama l'emozione innescata dagli eventi sportivi. Gianluca D'Agostino \u00e8 Founder e Managing Partner di The Techshop SGR, una nuova societ\u00e0 di gestione patrimoniale [&hellip;]","og_url":"https:\/\/www.emotionnetwork.eu\/it\/chi-siamo\/gianluca-dagostino-founder-board-member\/","og_site_name":"Emotion Network","article_modified_time":"2024-01-12T10:14:27+00:00","og_image":[{"width":1200,"height":630,"url":"http:\/\/www.emotionnetwork.eu\/wp-content\/uploads\/2021\/10\/Share_EN.jpg","type":"image\/jpeg"}],"twitter_card":"summary_large_image","twitter_misc":{"Tempo di lettura stimato":"2 minuti"},"schema":{"@context":"https:\/\/schema.org","@graph":[{"@type":"WebPage","@id":"https:\/\/www.emotionnetwork.eu\/it\/chi-siamo\/gianluca-dagostino-founder-board-member\/","url":"https:\/\/www.emotionnetwork.eu\/it\/chi-siamo\/gianluca-dagostino-founder-board-member\/","name":"Gianluca D'Agostino - Emotion Network","isPartOf":{"@id":"http:\/\/www.emotionnetwork.eu\/#website"},"datePublished":"2021-10-15T09:05:40+00:00","dateModified":"2024-01-12T10:14:27+00:00","breadcrumb":{"@id":"https:\/\/www.emotionnetwork.eu\/it\/chi-siamo\/gianluca-dagostino-founder-board-member\/#breadcrumb"},"inLanguage":"it-IT","potentialAction":[{"@type":"ReadAction","target":["https:\/\/www.emotionnetwork.eu\/it\/chi-siamo\/gianluca-dagostino-founder-board-member\/"]}]},{"@type":"BreadcrumbList","@id":"https:\/\/www.emotionnetwork.eu\/it\/chi-siamo\/gianluca-dagostino-founder-board-member\/#breadcrumb","itemListElement":[{"@type":"ListItem","position":1,"name":"Home","item":"http:\/\/www.emotionnetwork.eu\/it\/"},{"@type":"ListItem","position":2,"name":"Chi siamo","item":"https:\/\/www.emotionnetwork.eu\/it\/chi-siamo\/"},{"@type":"ListItem","position":3,"name":"Gianluca D&#8217;Agostino"}]},{"@type":"WebSite","@id":"http:\/\/www.emotionnetwork.eu\/#website","url":"http:\/\/www.emotionnetwork.eu\/","name":"Emotion Network","description":"","potentialAction":[{"@type":"SearchAction","target":{"@type":"EntryPoint","urlTemplate":"http:\/\/www.emotionnetwork.eu\/?s={search_term_string}"},"query-input":{"@type":"PropertyValueSpecification","valueRequired":true,"valueName":"search_term_string"}}],"inLanguage":"it-IT"}]}},"_links":{"self":[{"href":"http:\/\/www.emotionnetwork.eu\/it\/wp-json\/wp\/v2\/pages\/1637","targetHints":{"allow":["GET"]}}],"collection":[{"href":"http:\/\/www.emotionnetwork.eu\/it\/wp-json\/wp\/v2\/pages"}],"about":[{"href":"http:\/\/www.emotionnetwork.eu\/it\/wp-json\/wp\/v2\/types\/page"}],"author":[{"embeddable":true,"href":"http:\/\/www.emotionnetwork.eu\/it\/wp-json\/wp\/v2\/users\/1"}],"replies":[{"embeddable":true,"href":"http:\/\/www.emotionnetwork.eu\/it\/wp-json\/wp\/v2\/comments?post=1637"}],"version-history":[{"count":8,"href":"http:\/\/www.emotionnetwork.eu\/it\/wp-json\/wp\/v2\/pages\/1637\/revisions"}],"predecessor-version":[{"id":5040,"href":"http:\/\/www.emotionnetwork.eu\/it\/wp-json\/wp\/v2\/pages\/1637\/revisions\/5040"}],"up":[{"embeddable":true,"href":"http:\/\/www.emotionnetwork.eu\/it\/wp-json\/wp\/v2\/pages\/1596"}],"wp:attachment":[{"href":"http:\/\/www.emotionnetwork.eu\/it\/wp-json\/wp\/v2\/media?parent=1637"}],"curies":[{"name":"wp","href":"https:\/\/api.w.org\/{rel}","templated":true}]}}