{"id":1626,"date":"2021-10-15T10:37:49","date_gmt":"2021-10-15T08:37:49","guid":{"rendered":"https:\/\/www.emotionnetwork.eu\/chi-siamo\/mattia-mor-founder-ceo\/"},"modified":"2024-01-12T11:14:18","modified_gmt":"2024-01-12T10:14:18","slug":"mattia-mor-founder-ceo","status":"publish","type":"page","link":"http:\/\/www.emotionnetwork.eu\/it\/chi-siamo\/mattia-mor-founder-ceo\/","title":{"rendered":"Mattia Mor"},"content":{"rendered":"<div id=\"pl-1626\"  class=\"panel-layout\" ><div id=\"pg-1626-0\"  class=\"panel-grid panel-has-style\" ><div id=\"en-txt-person\" class=\"panel-row-style panel-row-style-for-1626-0\" ><div id=\"pgc-1626-0-0\"  class=\"panel-grid-cell\" ><div id=\"panel-1626-0-0-0\" class=\"so-panel widget widget_siteorigin-panels-builder panel-first-child panel-last-child\" data-index=\"0\" ><div id=\"pl-w61efd3e2d3649\"  class=\"panel-layout\" ><div id=\"pg-w61efd3e2d3649-0\"  class=\"panel-grid panel-has-style\" ><div class=\"uk-position-relative panel-row-style panel-row-style-for-w61efd3e2d3649-0\" id=\"en-txt-inner\" ><div id=\"pgc-w61efd3e2d3649-0-0\"  class=\"panel-grid-cell\" ><div id=\"panel-w61efd3e2d3649-0-0-0\" class=\"so-panel widget widget_siteorigin-panels-builder panel-first-child panel-last-child\" data-index=\"0\" ><div class=\"uk-container panel-widget-style panel-widget-style-for-w61efd3e2d3649-0-0-0\" ><div id=\"pl-w61efd3e2d36a8\"  class=\"panel-layout\" ><div id=\"pg-w61efd3e2d36a8-0\"  class=\"panel-grid panel-no-style\" ><div id=\"pgc-w61efd3e2d36a8-0-0\"  class=\"panel-grid-cell\" ><div id=\"panel-w61efd3e2d36a8-0-0-0\" class=\"so-panel widget widget_sow-image panel-first-child panel-last-child\" data-index=\"0\" ><div\n\t\t\t\n\t\t\tclass=\"so-widget-sow-image so-widget-sow-image-default-8b5b6f678277\"\n\t\t\t\n\t\t>\n<div class=\"sow-image-container\">\n\t\t<img \n\tsrc=\"http:\/\/www.emotionnetwork.eu\/wp-content\/uploads\/2021\/10\/mattia-mor.jpg\" width=\"501\" height=\"653\" srcset=\"http:\/\/www.emotionnetwork.eu\/wp-content\/uploads\/2021\/10\/mattia-mor.jpg 501w, http:\/\/www.emotionnetwork.eu\/wp-content\/uploads\/2021\/10\/mattia-mor-230x300.jpg 230w\" sizes=\"(max-width: 501px) 100vw, 501px\" alt=\"\" \t\tclass=\"so-widget-image\"\/>\n\t<\/div>\n\n<\/div><\/div><\/div><div id=\"pgc-w61efd3e2d36a8-0-1\"  class=\"panel-grid-cell\" ><div id=\"panel-w61efd3e2d36a8-0-1-0\" class=\"so-panel widget widget_sow-headline panel-first-child\" data-index=\"1\" ><div\n\t\t\t\n\t\t\tclass=\"so-widget-sow-headline so-widget-sow-headline-default-be838fea3029\"\n\t\t\t\n\t\t><div class=\"sow-headline-container \">\n\t\t\t\t\t\t\t<h1 class=\"sow-headline\">\n\t\t\t\t\t\tMattia Mor\t\t\t\t\t\t<\/h1>\n\t\t\t\t\t\t\t\t\t\t\t\t<h3 class=\"sow-sub-headline\">\n\t\t\t\t\t\tFounder e CEO\t\t\t\t\t\t<\/h3>\n\t\t\t\t\t\t<\/div>\n<\/div><\/div><div id=\"panel-w61efd3e2d36a8-0-1-1\" class=\"so-panel widget widget_sow-editor panel-last-child\" data-index=\"2\" ><div class=\"uk-container en-link-profile panel-widget-style panel-widget-style-for-w61efd3e2d36a8-0-1-1\" ><div\n\t\t\t\n\t\t\tclass=\"so-widget-sow-editor so-widget-sow-editor-base\"\n\t\t\t\n\t\t>\n<div class=\"siteorigin-widget-tinymce textwidget\">\n\t<p><a href=\"https:\/\/www.linkedin.com\/in\/mattia-mor-ba04827\/\" target=\"_blank\" rel=\"noopener\">Linkedin profile<\/a><\/p>\n<\/div>\n<\/div><\/div><\/div><\/div><\/div><\/div><\/div><\/div><\/div><\/div><\/div><div id=\"pg-w61efd3e2d3649-1\"  class=\"panel-grid panel-has-style\" ><div class=\"uk-container  panel-row-style panel-row-style-for-w61efd3e2d3649-1\" id=\"en-citazione\" ><div id=\"pgc-w61efd3e2d3649-1-0\"  class=\"panel-grid-cell panel-grid-cell-empty\" ><\/div><div id=\"pgc-w61efd3e2d3649-1-1\"  class=\"panel-grid-cell\" ><div id=\"panel-w61efd3e2d3649-1-1-0\" class=\"so-panel widget widget_sow-editor panel-first-child panel-last-child\" data-index=\"1\" ><div\n\t\t\t\n\t\t\tclass=\"so-widget-sow-editor so-widget-sow-editor-base\"\n\t\t\t\n\t\t>\n<div class=\"siteorigin-widget-tinymce textwidget\">\n\t<p>Le emozioni di Mattia sono creare nuovi progetti e viaggiare per il mondo.<\/p>\n<\/div>\n<\/div><\/div><\/div><\/div><\/div><div id=\"pg-w61efd3e2d3649-2\"  class=\"panel-grid panel-has-style\" ><div class=\"uk-container panel-row-style panel-row-style-for-w61efd3e2d3649-2\" id=\"en-txt-bio\" ><div id=\"pgc-w61efd3e2d3649-2-0\"  class=\"panel-grid-cell\" ><div id=\"panel-w61efd3e2d3649-2-0-0\" class=\"so-panel widget widget_sow-editor panel-first-child panel-last-child\" data-index=\"2\" ><div\n\t\t\t\n\t\t\tclass=\"so-widget-sow-editor so-widget-sow-editor-base\"\n\t\t\t\n\t\t>\n<div class=\"siteorigin-widget-tinymce textwidget\">\n\t<p><span style=\"font-weight: 200;\">Imprenditore e parlamentare italiano del partito Italia Viva, \u00e8 stato eletto a Milano. \u00c8 membro della X Commissione Attivit\u00e0 Produttive della Camera, ed \u00e8 uno dei promotori dell\u2019Intergruppo Parlamentare per l\u2019Innovazione. <\/span><span style=\"font-weight: 200;\">Laureato con lode all'Universit\u00e0 Bocconi in Economia Aziendale, ha iniziato la sua carriera nella consulenza strategica - prima con Value Partners e poi con Bain &amp; Company - specializzandosi nel settore moda. Nel 2004, quando era ancora all'Universit\u00e0, fonda la sua startup di moda, Blomor, e nel 2007 decide di lasciare il suo lavoro come impiegato per diventare un imprenditore a tempo pieno e arrivando a vendere i suoi capi di streetwear in 30 Paesi del mondo e in pi\u00f9 di 900 negozi.\u00a0<\/span><span style=\"font-weight: 200;\">Nel 2015 si trasferisce a Singapore per lavorare come Senior Vice President per Lazada, la pi\u00f9 grande societ\u00e0 di e-commerce del Sud Est Asiatico, fondata da Rocket Internet e acquistata nel 2016 dal gruppo Alibaba.\u00a0<\/span><span style=\"font-weight: 200;\">Tornato in Italia a fine 2016, diventa Executive Director per l'Europa di Mei.com, il flash sales online di lusso di Alibaba, specializzato in prodotti di lusso nel campo della moda, del design e della cosmetica, potendo cos\u00ec continuare a lavorare con passione per diffondere il Made in Italy nel mondo.\u00a0<\/span><span style=\"font-weight: 200;\">Nel 2017 ha lanciato un progetto di comunicazione sociale, HoSceltoMilano \/ HoSceltoItalia, con l'obiettivo di risvegliare la passione civica e il senso di orgoglio degli italiani verso la nazione.\u00a0<\/span><span style=\"font-weight: 200;\">Eletto nel Parlamento italiano nel 2018, si occupa principalmente di sviluppo delle imprese, commercio globale e innovazione, con l'obiettivo di rilanciare la crescita italiana. Ha scritto la proposta di legge 'StartAct' per permettere all'Italia di recuperare il gap di investimenti privati in start-up e VC e amplificare cos\u00ec la loro capacit\u00e0 di crescere, innovare e creare posti di lavoro, favorendo il ritorno degli italiani espatriati, incoraggiandoli a realizzare i loro sogni imprenditoriali.<\/span><\/p>\n<\/div>\n<\/div><\/div><\/div><\/div><\/div><\/div><\/div><\/div><\/div><\/div><div id=\"pg-1626-1\"  class=\"panel-grid panel-has-style\" ><div class=\"uk-section panel-row-style panel-row-style-for-1626-1\" id=\"en-discover\" ><div id=\"pgc-1626-1-0\"  class=\"panel-grid-cell\" ><div id=\"panel-1626-1-0-0\" class=\"so-panel widget widget_siteorigin-panels-builder panel-first-child panel-last-child\" data-index=\"1\" ><div class=\"uk-container panel-widget-style panel-widget-style-for-1626-1-0-0\" ><div id=\"pl-w61f8f287d03a6\"  class=\"panel-layout\" ><div id=\"pg-w61f8f287d03a6-0\"  class=\"panel-grid panel-no-style\" ><div id=\"pgc-w61f8f287d03a6-0-0\"  class=\"panel-grid-cell\" ><div id=\"panel-w61f8f287d03a6-0-0-0\" class=\"so-panel widget widget_sow-editor panel-first-child panel-last-child\" data-index=\"0\" ><div\n\t\t\t\n\t\t\tclass=\"so-widget-sow-editor so-widget-sow-editor-base\"\n\t\t\t\n\t\t>\n<div class=\"siteorigin-widget-tinymce textwidget\">\n\t<p>Scopri di pi\u00f9 sul nostro progetto<\/p>\n<\/div>\n<\/div><\/div><\/div><div id=\"pgc-w61f8f287d03a6-0-1\"  class=\"panel-grid-cell\" ><div id=\"panel-w61f8f287d03a6-0-1-0\" class=\"so-panel widget widget_sow-button panel-first-child panel-last-child\" data-index=\"1\" ><div class=\"panel-widget-style panel-widget-style-for-w61f8f287d03a6-0-1-0\" ><div\n\t\t\t\n\t\t\tclass=\"so-widget-sow-button so-widget-sow-button-flat-a7d9c60971a1\"\n\t\t\t\n\t\t><div class=\"ow-button-base ow-button-align-right\"\n>\n\t\t\t<a\n\t\t\t\t\thref=\"https:\/\/www.emotionnetwork.eu\/it\/contattaci\/\"\n\t\t\t\t\tclass=\"uk-button uk-button-primary sowb-button ow-icon-placement-left ow-button-hover\" \t>\n\t\t<span>\n\t\t\t\n\t\t\tCONTATTACI\t\t<\/span>\n\t\t\t<\/a>\n\t<\/div>\n<\/div><\/div><\/div><\/div><\/div><\/div><\/div><\/div><\/div><\/div><\/div><\/div>","protected":false},"excerpt":{"rendered":"<p>Mattia Mor Founder e CEO Linkedin profile Le emozioni di Mattia sono creare nuovi progetti e viaggiare per il mondo. Imprenditore e parlamentare italiano del partito Italia Viva, \u00e8 stato eletto a Milano. \u00c8 membro della X Commissione Attivit\u00e0 Produttive [&hellip;]<\/p>\n","protected":false},"author":1,"featured_media":0,"parent":1596,"menu_order":0,"comment_status":"closed","ping_status":"closed","template":"","meta":{"inline_featured_image":false,"footnotes":""},"class_list":["post-1626","page","type-page","status-publish","hentry"],"yoast_head":"<!-- This site is optimized with the Yoast SEO plugin v27.4 - https:\/\/yoast.com\/product\/yoast-seo-wordpress\/ -->\n<title>Mattia Mor - Emotion Network<\/title>\n<meta name=\"robots\" content=\"index, follow, max-snippet:-1, max-image-preview:large, max-video-preview:-1\" \/>\n<link rel=\"canonical\" href=\"https:\/\/www.emotionnetwork.eu\/about\/mattia-mor-founder-ceo\/\" \/>\n<meta property=\"og:locale\" content=\"it_IT\" \/>\n<meta property=\"og:type\" content=\"article\" \/>\n<meta property=\"og:title\" content=\"Mattia Mor - Emotion Network\" \/>\n<meta property=\"og:description\" content=\"Mattia Mor Founder e CEO Linkedin profile Le emozioni di Mattia sono creare nuovi progetti e viaggiare per il mondo. Imprenditore e parlamentare italiano del partito Italia Viva, \u00e8 stato eletto a Milano. \u00c8 membro della X Commissione Attivit\u00e0 Produttive [&hellip;]\" \/>\n<meta property=\"og:url\" content=\"https:\/\/www.emotionnetwork.eu\/about\/mattia-mor-founder-ceo\/\" \/>\n<meta property=\"og:site_name\" content=\"Emotion Network\" \/>\n<meta property=\"article:modified_time\" content=\"2024-01-12T10:14:18+00:00\" \/>\n<meta property=\"og:image\" content=\"http:\/\/www.emotionnetwork.eu\/wp-content\/uploads\/2021\/10\/Share_EN.jpg\" \/>\n\t<meta property=\"og:image:width\" content=\"1200\" \/>\n\t<meta property=\"og:image:height\" content=\"630\" \/>\n\t<meta property=\"og:image:type\" content=\"image\/jpeg\" \/>\n<meta name=\"twitter:card\" content=\"summary_large_image\" \/>\n<meta name=\"twitter:label1\" content=\"Tempo di lettura stimato\" \/>\n\t<meta name=\"twitter:data1\" content=\"2 minuti\" \/>\n<!-- \/ Yoast SEO plugin. -->","yoast_head_json":{"title":"Mattia Mor - Emotion Network","robots":{"index":"index","follow":"follow","max-snippet":"max-snippet:-1","max-image-preview":"max-image-preview:large","max-video-preview":"max-video-preview:-1"},"canonical":"https:\/\/www.emotionnetwork.eu\/about\/mattia-mor-founder-ceo\/","og_locale":"it_IT","og_type":"article","og_title":"Mattia Mor - Emotion Network","og_description":"Mattia Mor Founder e CEO Linkedin profile Le emozioni di Mattia sono creare nuovi progetti e viaggiare per il mondo. Imprenditore e parlamentare italiano del partito Italia Viva, \u00e8 stato eletto a Milano. \u00c8 membro della X Commissione Attivit\u00e0 Produttive [&hellip;]","og_url":"https:\/\/www.emotionnetwork.eu\/about\/mattia-mor-founder-ceo\/","og_site_name":"Emotion Network","article_modified_time":"2024-01-12T10:14:18+00:00","og_image":[{"width":1200,"height":630,"url":"http:\/\/www.emotionnetwork.eu\/wp-content\/uploads\/2021\/10\/Share_EN.jpg","type":"image\/jpeg"}],"twitter_card":"summary_large_image","twitter_misc":{"Tempo di lettura stimato":"2 minuti"},"schema":{"@context":"https:\/\/schema.org","@graph":[{"@type":"WebPage","@id":"https:\/\/www.emotionnetwork.eu\/about\/mattia-mor-founder-ceo\/","url":"https:\/\/www.emotionnetwork.eu\/about\/mattia-mor-founder-ceo\/","name":"Mattia Mor - Emotion Network","isPartOf":{"@id":"https:\/\/www.emotionnetwork.eu\/it\/#website"},"datePublished":"2021-10-15T08:37:49+00:00","dateModified":"2024-01-12T10:14:18+00:00","breadcrumb":{"@id":"https:\/\/www.emotionnetwork.eu\/about\/mattia-mor-founder-ceo\/#breadcrumb"},"inLanguage":"it-IT","potentialAction":[{"@type":"ReadAction","target":["https:\/\/www.emotionnetwork.eu\/about\/mattia-mor-founder-ceo\/"]}]},{"@type":"BreadcrumbList","@id":"https:\/\/www.emotionnetwork.eu\/about\/mattia-mor-founder-ceo\/#breadcrumb","itemListElement":[{"@type":"ListItem","position":1,"name":"Home","item":"https:\/\/www.emotionnetwork.eu\/it\/"},{"@type":"ListItem","position":2,"name":"Chi siamo","item":"https:\/\/www.emotionnetwork.eu\/about\/"},{"@type":"ListItem","position":3,"name":"Mattia Mor"}]},{"@type":"WebSite","@id":"https:\/\/www.emotionnetwork.eu\/it\/#website","url":"https:\/\/www.emotionnetwork.eu\/it\/","name":"Emotion Network","description":"","potentialAction":[{"@type":"SearchAction","target":{"@type":"EntryPoint","urlTemplate":"https:\/\/www.emotionnetwork.eu\/it\/?s={search_term_string}"},"query-input":{"@type":"PropertyValueSpecification","valueRequired":true,"valueName":"search_term_string"}}],"inLanguage":"it-IT"}]}},"_links":{"self":[{"href":"http:\/\/www.emotionnetwork.eu\/it\/wp-json\/wp\/v2\/pages\/1626","targetHints":{"allow":["GET"]}}],"collection":[{"href":"http:\/\/www.emotionnetwork.eu\/it\/wp-json\/wp\/v2\/pages"}],"about":[{"href":"http:\/\/www.emotionnetwork.eu\/it\/wp-json\/wp\/v2\/types\/page"}],"author":[{"embeddable":true,"href":"http:\/\/www.emotionnetwork.eu\/it\/wp-json\/wp\/v2\/users\/1"}],"replies":[{"embeddable":true,"href":"http:\/\/www.emotionnetwork.eu\/it\/wp-json\/wp\/v2\/comments?post=1626"}],"version-history":[{"count":6,"href":"http:\/\/www.emotionnetwork.eu\/it\/wp-json\/wp\/v2\/pages\/1626\/revisions"}],"predecessor-version":[{"id":5038,"href":"http:\/\/www.emotionnetwork.eu\/it\/wp-json\/wp\/v2\/pages\/1626\/revisions\/5038"}],"up":[{"embeddable":true,"href":"http:\/\/www.emotionnetwork.eu\/it\/wp-json\/wp\/v2\/pages\/1596"}],"wp:attachment":[{"href":"http:\/\/www.emotionnetwork.eu\/it\/wp-json\/wp\/v2\/media?parent=1626"}],"curies":[{"name":"wp","href":"https:\/\/api.w.org\/{rel}","templated":true}]}}