{"id":1566,"date":"2021-10-08T15:37:36","date_gmt":"2021-10-08T13:37:36","guid":{"rendered":"https:\/\/www.emotionnetwork.eu\/la-docuserie\/empower-human-potential\/"},"modified":"2025-02-07T11:40:32","modified_gmt":"2025-02-07T10:40:32","slug":"empower-human-potential","status":"publish","type":"page","link":"http:\/\/www.emotionnetwork.eu\/it\/produzione\/empower-human-potential\/","title":{"rendered":"Empower human potential"},"content":{"rendered":"<div id=\"pl-1566\"  class=\"panel-layout\" ><div id=\"pg-1566-0\"  class=\"panel-grid panel-has-style\" ><div id=\"en-info-episode\" class=\"panel-row-style panel-row-style-for-1566-0\" ><div id=\"pgc-1566-0-0\"  class=\"panel-grid-cell\" ><div id=\"panel-1566-0-0-0\" class=\"so-panel widget widget_siteorigin-panels-builder panel-first-child panel-last-child\" data-index=\"0\" ><div class=\"uk-container panel-widget-style panel-widget-style-for-1566-0-0-0\" ><div id=\"pl-w67a5e32097ebe\"  class=\"panel-layout\" ><div id=\"pg-w67a5e32097ebe-0\"  class=\"panel-grid panel-has-style\" ><div class=\"en-episode panel-row-style panel-row-style-for-w67a5e32097ebe-0\" ><div id=\"pgc-w67a5e32097ebe-0-0\"  class=\"panel-grid-cell\" ><div id=\"panel-w67a5e32097ebe-0-0-0\" class=\"so-panel widget widget_sow-image panel-first-child panel-last-child\" data-index=\"0\" ><div\n\t\t\t\n\t\t\tclass=\"so-widget-sow-image so-widget-sow-image-default-8b5b6f678277\"\n\t\t\t\n\t\t>\n<div class=\"sow-image-container\">\n\t\t<img \n\tsrc=\"http:\/\/www.emotionnetwork.eu\/wp-content\/uploads\/2021\/10\/Empower_locandina.jpg\" width=\"484\" height=\"652\" srcset=\"http:\/\/www.emotionnetwork.eu\/wp-content\/uploads\/2021\/10\/Empower_locandina.jpg 484w, http:\/\/www.emotionnetwork.eu\/wp-content\/uploads\/2021\/10\/Empower_locandina-223x300.jpg 223w\" sizes=\"(max-width: 484px) 100vw, 484px\" alt=\"Empower human potential\" \t\tclass=\"so-widget-image\"\/>\n\t<\/div>\n\n<\/div><\/div><\/div><div id=\"pgc-w67a5e32097ebe-0-1\"  class=\"panel-grid-cell\" ><div id=\"panel-w67a5e32097ebe-0-1-0\" class=\"so-panel widget widget_sow-editor panel-first-child panel-last-child\" data-index=\"1\" ><div\n\t\t\t\n\t\t\tclass=\"so-widget-sow-editor so-widget-sow-editor-base\"\n\t\t\t\n\t\t>\n<div class=\"siteorigin-widget-tinymce textwidget\">\n\t<p style=\"margin-bottom:5px\"><span>Host:<\/span><\/p>\n<p style=\"line-height:1.2\"><strong>Brunello Cucinelli<\/strong><br \/>\nFondatore e Presidente, Brunello Cucinelli<\/p>\n<p style=\"margin-bottom:5px\"><span>Guests:<\/span><\/p>\n<p style=\"line-height:1.2\"><strong>Marc Benioff<\/strong><br \/>\nFondatore, Presidente e CEO, Salesforce<\/p>\n<p style=\"line-height:1.2\"><strong>Jodi Halpern<\/strong><br \/>\nMD, PhD Prof.ssa di Bioetica e Etica delle Tecnologie Innovative, Universit\u00e0 della California, Berkeley <\/p>\n<p style=\"line-height:1.2\"><strong>Sheryl Sandberg<\/strong><br \/>\nChief Operating Officer, Facebook (oggi Meta)\n<\/p>\n<p style=\"line-height:1.2\"><strong>Sua Santi\u00e0 il Dalai Lama<\/strong><\/p>\n<p style=\"line-height:1.2\"><span>Location:<\/span><br \/>\nSolomeo (Perugia)<\/p>\n<\/div>\n<\/div><\/div><\/div><div id=\"pgc-w67a5e32097ebe-0-2\"  class=\"panel-grid-cell\" ><div id=\"panel-w67a5e32097ebe-0-2-0\" class=\"so-panel widget widget_sow-editor panel-first-child panel-last-child\" data-index=\"2\" ><div\n\t\t\t\n\t\t\tclass=\"so-widget-sow-editor so-widget-sow-editor-base\"\n\t\t\t\n\t\t>\n<div class=\"siteorigin-widget-tinymce textwidget\">\n\t<p><span>Durata<\/span><br \/>\n<strong>30'<\/strong><\/p>\n<\/div>\n<\/div><\/div><\/div><\/div><\/div><\/div><\/div><\/div><\/div><\/div><\/div><div id=\"pg-1566-1\"  class=\"panel-grid panel-has-style\" ><div class=\"uk-section-large en-episode-detail panel-row-style panel-row-style-for-1566-1\" id=\"en-partners\" ><div id=\"pgc-1566-1-0\"  class=\"panel-grid-cell\" ><div id=\"panel-1566-1-0-0\" class=\"so-panel widget widget_siteorigin-panels-builder panel-first-child panel-last-child\" data-index=\"1\" ><div class=\"uk-container panel-widget-style panel-widget-style-for-1566-1-0-0\" ><div id=\"pl-w64771646c8a9e\"  class=\"panel-layout\" ><div id=\"pg-w64771646c8a9e-0\"  class=\"panel-grid panel-no-style\" ><div id=\"pgc-w64771646c8a9e-0-0\"  class=\"panel-grid-cell\" ><div id=\"panel-w64771646c8a9e-0-0-0\" class=\"so-panel widget widget_sow-editor panel-first-child\" data-index=\"0\" ><div class=\"panel-widget-style panel-widget-style-for-w64771646c8a9e-0-0-0\" ><div\n\t\t\t\n\t\t\tclass=\"so-widget-sow-editor so-widget-sow-editor-base\"\n\t\t\t\n\t\t>\n<div class=\"siteorigin-widget-tinymce textwidget\">\n\t<p style=\"text-align: center;\">Bellezza, dignit\u00e0 e responsabilit\u00e0 sono le parole chiave di un nuovo capitalismo in cui le imprese mettono davanti agli interessi degli azionisti le scelte e i comportamenti che hanno un impatto sulla collettivit\u00e0.\n<\/p>\n<p style=\"text-align: center;\">Perch\u00e9 solo attraverso i valori si genera valore duraturo e perch\u00e9 il mondo del futuro \u00e8 quello in cui la tecnologia e l\u2019empatia permettono di sviluppare appieno le potenzialit\u00e0 di ogni donna e di ogni uomo.<\/p>\n<p style=\"text-align: center;\">EMPOWER HUMAN POTENTIAL \u00e8 l\u2019appello che arriva da un imprenditore illuminato, dall\u2019imprenditore tecnologico americano pioniere della quarta rivoluzione industriale, una delle donne pi\u00f9 influenti del Pianeta, una luminare della bioetica e il prezioso contributo di Sua Santit\u00e0 il Dalai Lama: le voci di <strong>Brunello Cucinelli, Marc Benioff, Sheryl Sandberg, Jodi Halpern e Tenzin Gyatso<\/strong> si uniscono per ispirare un cambiamento e immaginare un\u2019umanit\u00e0 aumentata dall\u2019innovazione. <\/p>\n<\/div>\n<\/div><\/div><\/div><div id=\"panel-w64771646c8a9e-0-0-1\" class=\"so-panel widget widget_sow-video\" data-index=\"1\" ><div class=\"panel-widget-style panel-widget-style-for-w64771646c8a9e-0-0-1\" ><div\n\t\t\t\n\t\t\tclass=\"so-widget-sow-video so-widget-sow-video-default-f379b959fc93\"\n\t\t\t\n\t\t><h3 class=\"widget-title\">Trailer<\/h3>\n<div class=\"sow-video-wrapper\n\">\n\t\t\t<video\n\t\t\tid=\"sow-player-1\" class=\"sow-video-widget\" preload=\"auto\" style=\"width:100%;height:100%;\" loop=\"true\" poster=\"http:\/\/www.emotionnetwork.eu\/wp-content\/uploads\/2021\/11\/CoverVideo_EP_6.jpg\" controls \t\t>\n\t\t\t\t\t\t\t<source type=\"video\/mp4\" src=\"https:\/\/emotionnetwork.eu\/wp-content\/uploads\/EmpowerHumanPotential_trailer_ITA.mp4\"\/>\n\t\t\t\t\t<\/video>\n\t<\/div>\n<\/div><\/div><\/div><div id=\"panel-w64771646c8a9e-0-0-2\" class=\"so-panel widget widget_sow-anything-carousel panel-last-child\" data-index=\"2\" ><div class=\"panel-widget-style panel-widget-style-for-w64771646c8a9e-0-0-2\" ><div\n\t\t\t\n\t\t\tclass=\"so-widget-sow-anything-carousel so-widget-sow-anything-carousel-base-b05ded0ec5f8\"\n\t\t\t\n\t\t><div class=\"sow-carousel-title has-title\">\n\t<h3 class=\"widget-title\">Photogallery<\/h3><\/div>\n\n<div class=\"sow-carousel-container \">\n\t\t\t<div class=\"sow-carousel-navigation sow-carousel-navigation-prev \">\n\t\t\t\t\t\t<a href=\"#\" class=\"sow-carousel-previous\" title=\"Previous\" aria-label=\"Previous Posts\" role=\"button\"><\/a>\n\t\t\t\t\t<\/div>\n\t\t<div class=\"sow-carousel-wrapper\"\n\t\tdata-dir=\"ltr\"\n\t\tstyle=\"opacity: 0;\"\n\t\tdata-widget=\"anything\" data-item_count=\"4\" data-loop=\"\" data-carousel_settings=\"{&quot;loop&quot;:true,&quot;dots&quot;:false,&quot;animation&quot;:&quot;Ease&quot;,&quot;animation_speed&quot;:800,&quot;autoplay&quot;:false,&quot;pauseOnHover&quot;:false,&quot;autoplaySpeed&quot;:8000,&quot;item_overflow&quot;:false,&quot;adaptive_height&quot;:false,&quot;appendDots&quot;:false}\" data-responsive=\"{&quot;desktop_slides_to_scroll&quot;:2,&quot;tablet_landscape_breakpoint&quot;:1366,&quot;tablet_landscape_slides_to_scroll&quot;:2,&quot;tablet_portrait_breakpoint&quot;:1025,&quot;tablet_portrait_slides_to_scroll&quot;:2,&quot;mobile_breakpoint&quot;:480,&quot;mobile_slides_to_scroll&quot;:1,&quot;desktop_slides_to_show&quot;:2,&quot;tablet_landscape_slides_to_show&quot;:2,&quot;tablet_portrait_slides_to_show&quot;:2,&quot;mobile_slides_to_show&quot;:1}\" \t>\n\t\t<div\n\t\t\tclass=\"sow-carousel-items\"\n\t\t\t\t\t>\n\t\t\t\t<div class=\"sow-carousel-item\" tabindex=\"-1\">\n\t\t\n\t\t<div class=\"sow-carousel-content\">\n\t\t\t<div id=\"pl-wc599e210\"  class=\"panel-layout\" ><div id=\"pg-wc599e210-0\"  class=\"panel-grid panel-no-style\" ><div id=\"pgc-wc599e210-0-0\"  class=\"panel-grid-cell\" ><div id=\"panel-wc599e210-0-0-0\" class=\"so-panel widget widget_sow-image panel-first-child panel-last-child\" data-index=\"0\" ><div\n\t\t\t\n\t\t\tclass=\"so-widget-sow-image so-widget-sow-image-default-8b5b6f678277\"\n\t\t\t\n\t\t>\n<div class=\"sow-image-container\">\n\t\t\t<a href=\"http:\/\/www.emotionnetwork.eu\/wp-content\/uploads\/2021\/11\/1-1.jpg\"\n\t\t\tdata-lightbox=\"Episode_6\" data-lightbox-options=\"{&quot;alwaysShowNavOnTouchDevices&quot;:false,&quot;disabledOnTablet&quot;:false,&quot;disabledOnMobile&quot;:false,&quot;disableScrolling&quot;:false,&quot;overlayColor&quot;:&quot;#000&quot;,&quot;overlayOpacity&quot;:0.8,&quot;fadeDuration&quot;:600,&quot;fitImagesInViewport&quot;:true,&quot;imageFadeDuration&quot;:600,&quot;maxHeight&quot;:&quot;&quot;,&quot;maxWidth&quot;:&quot;&quot;,&quot;positionFromTop&quot;:50,&quot;resizeDuration&quot;:700,&quot;showImageNumberLabel&quot;:true,&quot;disableCaption&quot;:&quot;&quot;,&quot;wrapAround&quot;:true,&quot;albumLabel&quot;:&quot;Episode_6 %1 of %2&quot;}\" \t\t>\n\t\t\t<img \n\tsrc=\"http:\/\/www.emotionnetwork.eu\/wp-content\/uploads\/2021\/11\/1-1.jpg\" width=\"1200\" height=\"598\" srcset=\"http:\/\/www.emotionnetwork.eu\/wp-content\/uploads\/2021\/11\/1-1.jpg 1200w, http:\/\/www.emotionnetwork.eu\/wp-content\/uploads\/2021\/11\/1-1-300x150.jpg 300w, http:\/\/www.emotionnetwork.eu\/wp-content\/uploads\/2021\/11\/1-1-1024x510.jpg 1024w, http:\/\/www.emotionnetwork.eu\/wp-content\/uploads\/2021\/11\/1-1-768x383.jpg 768w\" sizes=\"(max-width: 1200px) 100vw, 1200px\" title=\"1\" alt=\"\" \t\tclass=\"so-widget-image\"\/>\n\t\t\t<\/a><\/div>\n\n<\/div><\/div><\/div><\/div><\/div>\t\t<\/div>\n\t<\/div>\n\t\t<div class=\"sow-carousel-item\" tabindex=\"-1\">\n\t\t\n\t\t<div class=\"sow-carousel-content\">\n\t\t\t<div id=\"pl-w70addaf1\"  class=\"panel-layout\" ><div id=\"pg-w70addaf1-0\"  class=\"panel-grid panel-no-style\" ><div id=\"pgc-w70addaf1-0-0\"  class=\"panel-grid-cell\" ><div id=\"panel-w70addaf1-0-0-0\" class=\"so-panel widget widget_sow-image panel-first-child panel-last-child\" data-index=\"0\" ><div\n\t\t\t\n\t\t\tclass=\"so-widget-sow-image so-widget-sow-image-default-8b5b6f678277\"\n\t\t\t\n\t\t>\n<div class=\"sow-image-container\">\n\t\t\t<a href=\"http:\/\/www.emotionnetwork.eu\/wp-content\/uploads\/2021\/11\/2-1.jpg\"\n\t\t\tdata-lightbox=\"Episode_6\" data-lightbox-options=\"{&quot;alwaysShowNavOnTouchDevices&quot;:false,&quot;disabledOnTablet&quot;:false,&quot;disabledOnMobile&quot;:false,&quot;disableScrolling&quot;:false,&quot;overlayColor&quot;:&quot;#000&quot;,&quot;overlayOpacity&quot;:0.8,&quot;fadeDuration&quot;:600,&quot;fitImagesInViewport&quot;:true,&quot;imageFadeDuration&quot;:600,&quot;maxHeight&quot;:&quot;&quot;,&quot;maxWidth&quot;:&quot;&quot;,&quot;positionFromTop&quot;:50,&quot;resizeDuration&quot;:700,&quot;showImageNumberLabel&quot;:true,&quot;disableCaption&quot;:&quot;&quot;,&quot;wrapAround&quot;:true,&quot;albumLabel&quot;:&quot;Episode_6 %1 of %2&quot;}\" \t\t>\n\t\t\t<img \n\tsrc=\"http:\/\/www.emotionnetwork.eu\/wp-content\/uploads\/2021\/11\/2-1.jpg\" width=\"1200\" height=\"598\" srcset=\"http:\/\/www.emotionnetwork.eu\/wp-content\/uploads\/2021\/11\/2-1.jpg 1200w, http:\/\/www.emotionnetwork.eu\/wp-content\/uploads\/2021\/11\/2-1-300x150.jpg 300w, http:\/\/www.emotionnetwork.eu\/wp-content\/uploads\/2021\/11\/2-1-1024x510.jpg 1024w, http:\/\/www.emotionnetwork.eu\/wp-content\/uploads\/2021\/11\/2-1-768x383.jpg 768w\" sizes=\"(max-width: 1200px) 100vw, 1200px\" title=\"2\" alt=\"\" \t\tclass=\"so-widget-image\"\/>\n\t\t\t<\/a><\/div>\n\n<\/div><\/div><\/div><\/div><\/div>\t\t<\/div>\n\t<\/div>\n\t\t<div class=\"sow-carousel-item\" tabindex=\"-1\">\n\t\t\n\t\t<div class=\"sow-carousel-content\">\n\t\t\t<div id=\"pl-w924fb5c2\"  class=\"panel-layout\" ><div id=\"pg-w924fb5c2-0\"  class=\"panel-grid panel-no-style\" ><div id=\"pgc-w924fb5c2-0-0\"  class=\"panel-grid-cell\" ><div id=\"panel-w924fb5c2-0-0-0\" class=\"so-panel widget widget_sow-image panel-first-child panel-last-child\" data-index=\"0\" ><div\n\t\t\t\n\t\t\tclass=\"so-widget-sow-image so-widget-sow-image-default-8b5b6f678277\"\n\t\t\t\n\t\t>\n<div class=\"sow-image-container\">\n\t\t\t<a href=\"http:\/\/www.emotionnetwork.eu\/wp-content\/uploads\/2021\/11\/3-1.jpg\"\n\t\t\tdata-lightbox=\"Episode_6\" data-lightbox-options=\"{&quot;alwaysShowNavOnTouchDevices&quot;:false,&quot;disabledOnTablet&quot;:false,&quot;disabledOnMobile&quot;:false,&quot;disableScrolling&quot;:false,&quot;overlayColor&quot;:&quot;#000&quot;,&quot;overlayOpacity&quot;:0.8,&quot;fadeDuration&quot;:600,&quot;fitImagesInViewport&quot;:true,&quot;imageFadeDuration&quot;:600,&quot;maxHeight&quot;:&quot;&quot;,&quot;maxWidth&quot;:&quot;&quot;,&quot;positionFromTop&quot;:50,&quot;resizeDuration&quot;:700,&quot;showImageNumberLabel&quot;:true,&quot;disableCaption&quot;:&quot;&quot;,&quot;wrapAround&quot;:true,&quot;albumLabel&quot;:&quot;Episode_6 %1 of %2&quot;}\" \t\t>\n\t\t\t<img \n\tsrc=\"http:\/\/www.emotionnetwork.eu\/wp-content\/uploads\/2021\/11\/3-1.jpg\" width=\"1200\" height=\"598\" srcset=\"http:\/\/www.emotionnetwork.eu\/wp-content\/uploads\/2021\/11\/3-1.jpg 1200w, http:\/\/www.emotionnetwork.eu\/wp-content\/uploads\/2021\/11\/3-1-300x150.jpg 300w, http:\/\/www.emotionnetwork.eu\/wp-content\/uploads\/2021\/11\/3-1-1024x510.jpg 1024w, http:\/\/www.emotionnetwork.eu\/wp-content\/uploads\/2021\/11\/3-1-768x383.jpg 768w\" sizes=\"(max-width: 1200px) 100vw, 1200px\" title=\"3\" alt=\"\" \t\tclass=\"so-widget-image\"\/>\n\t\t\t<\/a><\/div>\n\n<\/div><\/div><\/div><\/div><\/div>\t\t<\/div>\n\t<\/div>\n\t\t<div class=\"sow-carousel-item\" tabindex=\"-1\">\n\t\t\n\t\t<div class=\"sow-carousel-content\">\n\t\t\t<div id=\"pl-wfa657fd9\"  class=\"panel-layout\" ><div id=\"pg-wfa657fd9-0\"  class=\"panel-grid panel-no-style\" ><div id=\"pgc-wfa657fd9-0-0\"  class=\"panel-grid-cell\" ><div id=\"panel-wfa657fd9-0-0-0\" class=\"so-panel widget widget_sow-image panel-first-child panel-last-child\" data-index=\"0\" ><div\n\t\t\t\n\t\t\tclass=\"so-widget-sow-image so-widget-sow-image-default-8b5b6f678277\"\n\t\t\t\n\t\t>\n<div class=\"sow-image-container\">\n\t\t\t<a href=\"http:\/\/www.emotionnetwork.eu\/wp-content\/uploads\/2021\/11\/4-1.jpg\"\n\t\t\tdata-lightbox=\"Episode_6\" data-lightbox-options=\"{&quot;alwaysShowNavOnTouchDevices&quot;:false,&quot;disabledOnTablet&quot;:false,&quot;disabledOnMobile&quot;:false,&quot;disableScrolling&quot;:false,&quot;overlayColor&quot;:&quot;#000&quot;,&quot;overlayOpacity&quot;:0.8,&quot;fadeDuration&quot;:600,&quot;fitImagesInViewport&quot;:true,&quot;imageFadeDuration&quot;:600,&quot;maxHeight&quot;:&quot;&quot;,&quot;maxWidth&quot;:&quot;&quot;,&quot;positionFromTop&quot;:50,&quot;resizeDuration&quot;:700,&quot;showImageNumberLabel&quot;:true,&quot;disableCaption&quot;:&quot;&quot;,&quot;wrapAround&quot;:true,&quot;albumLabel&quot;:&quot;Episode_6 %1 of %2&quot;}\" \t\t>\n\t\t\t<img \n\tsrc=\"http:\/\/www.emotionnetwork.eu\/wp-content\/uploads\/2021\/11\/4-1.jpg\" width=\"1200\" height=\"598\" srcset=\"http:\/\/www.emotionnetwork.eu\/wp-content\/uploads\/2021\/11\/4-1.jpg 1200w, http:\/\/www.emotionnetwork.eu\/wp-content\/uploads\/2021\/11\/4-1-300x150.jpg 300w, http:\/\/www.emotionnetwork.eu\/wp-content\/uploads\/2021\/11\/4-1-1024x510.jpg 1024w, http:\/\/www.emotionnetwork.eu\/wp-content\/uploads\/2021\/11\/4-1-768x383.jpg 768w\" sizes=\"(max-width: 1200px) 100vw, 1200px\" title=\"4\" alt=\"\" \t\tclass=\"so-widget-image\"\/>\n\t\t\t<\/a><\/div>\n\n<\/div><\/div><\/div><\/div><\/div>\t\t<\/div>\n\t<\/div>\n\t\t\t<\/div>\n\t\t\t<\/div>\n\n\t\t\t<div class=\"sow-carousel-navigation sow-carousel-navigation-next \">\n\t\t\t\t\t\t<a href=\"#\" class=\"sow-carousel-next\" title=\"Next\" aria-label=\"Next Posts\" role=\"button\"><\/a>\n\t\t\t\t\t<\/div>\n\t<\/div>\n<\/div><\/div><\/div><\/div><\/div><\/div><\/div><\/div><\/div><\/div><\/div><div id=\"pg-1566-2\"  class=\"panel-grid panel-has-style\" ><div class=\"uk-section panel-row-style panel-row-style-for-1566-2\" id=\"en-discover\" ><div id=\"pgc-1566-2-0\"  class=\"panel-grid-cell\" ><div id=\"panel-1566-2-0-0\" class=\"so-panel widget widget_siteorigin-panels-builder panel-first-child panel-last-child\" data-index=\"2\" ><div class=\"uk-container panel-widget-style panel-widget-style-for-1566-2-0-0\" ><div id=\"pl-w67a5e3209881c\"  class=\"panel-layout\" ><div id=\"pg-w67a5e3209881c-0\"  class=\"panel-grid panel-no-style\" ><div id=\"pgc-w67a5e3209881c-0-0\"  class=\"panel-grid-cell\" ><div id=\"panel-w67a5e3209881c-0-0-0\" class=\"so-panel widget widget_sow-editor panel-first-child panel-last-child\" data-index=\"0\" ><div\n\t\t\t\n\t\t\tclass=\"so-widget-sow-editor so-widget-sow-editor-base\"\n\t\t\t\n\t\t>\n<div class=\"siteorigin-widget-tinymce textwidget\">\n\t<p>Scopri di pi\u00f9 sulla docuserie<\/p>\n<\/div>\n<\/div><\/div><\/div><div id=\"pgc-w67a5e3209881c-0-1\"  class=\"panel-grid-cell\" ><div id=\"panel-w67a5e3209881c-0-1-0\" class=\"so-panel widget widget_sow-button panel-first-child panel-last-child\" data-index=\"1\" ><div class=\"panel-widget-style panel-widget-style-for-w67a5e3209881c-0-1-0\" ><div\n\t\t\t\n\t\t\tclass=\"so-widget-sow-button so-widget-sow-button-flat-a7d9c60971a1\"\n\t\t\t\n\t\t><div class=\"ow-button-base ow-button-align-right\"\n>\n\t\t\t<a\n\t\t\t\t\thref=\"https:\/\/www.emotionnetwork.eu\/it\/contattaci\/\"\n\t\t\t\t\tclass=\"uk-button uk-button-primary sowb-button ow-icon-placement-left ow-button-hover\" \t>\n\t\t<span>\n\t\t\t\n\t\t\tCONTATTACI\t\t<\/span>\n\t\t\t<\/a>\n\t<\/div>\n<\/div><\/div><\/div><\/div><\/div><\/div><\/div><\/div><\/div><\/div><\/div><\/div>","protected":false},"excerpt":{"rendered":"<p>Host: Brunello Cucinelli Fondatore e Presidente, Brunello Cucinelli Guests: Marc Benioff Fondatore, Presidente e CEO, Salesforce Jodi Halpern MD, PhD Prof.ssa di Bioetica e Etica delle Tecnologie Innovative, Universit\u00e0 della California, Berkeley Sheryl Sandberg Chief Operating Officer, Facebook (oggi Meta) [&hellip;]<\/p>\n","protected":false},"author":1,"featured_media":0,"parent":1533,"menu_order":0,"comment_status":"closed","ping_status":"closed","template":"","meta":{"inline_featured_image":false,"footnotes":""},"class_list":["post-1566","page","type-page","status-publish","hentry"],"yoast_head":"<!-- This site is optimized with the Yoast SEO plugin v27.5 - https:\/\/yoast.com\/product\/yoast-seo-wordpress\/ -->\n<title>Empower human potential - Emotion Network<\/title>\n<meta name=\"robots\" content=\"index, follow, max-snippet:-1, max-image-preview:large, max-video-preview:-1\" \/>\n<link rel=\"canonical\" href=\"http:\/\/www.emotionnetwork.eu\/it\/produzione\/empower-human-potential\/\" \/>\n<meta property=\"og:locale\" content=\"it_IT\" \/>\n<meta property=\"og:type\" content=\"article\" \/>\n<meta property=\"og:title\" content=\"Empower human potential - Emotion Network\" \/>\n<meta property=\"og:description\" content=\"Host: Brunello Cucinelli Fondatore e Presidente, Brunello Cucinelli Guests: Marc Benioff Fondatore, Presidente e CEO, Salesforce Jodi Halpern MD, PhD Prof.ssa di Bioetica e Etica delle Tecnologie Innovative, Universit\u00e0 della California, Berkeley Sheryl Sandberg Chief Operating Officer, Facebook (oggi Meta) [&hellip;]\" \/>\n<meta property=\"og:url\" content=\"http:\/\/www.emotionnetwork.eu\/it\/produzione\/empower-human-potential\/\" \/>\n<meta property=\"og:site_name\" content=\"Emotion Network\" \/>\n<meta property=\"article:modified_time\" content=\"2025-02-07T10:40:32+00:00\" \/>\n<meta property=\"og:image\" content=\"http:\/\/www.emotionnetwork.eu\/wp-content\/uploads\/2021\/10\/Share_EN.jpg\" \/>\n\t<meta property=\"og:image:width\" content=\"1200\" \/>\n\t<meta property=\"og:image:height\" content=\"630\" \/>\n\t<meta property=\"og:image:type\" content=\"image\/jpeg\" \/>\n<meta name=\"twitter:card\" content=\"summary_large_image\" \/>\n<meta name=\"twitter:label1\" content=\"Tempo di lettura stimato\" \/>\n\t<meta name=\"twitter:data1\" content=\"3 minuti\" \/>\n<!-- \/ Yoast SEO plugin. -->","yoast_head_json":{"title":"Empower human potential - Emotion Network","robots":{"index":"index","follow":"follow","max-snippet":"max-snippet:-1","max-image-preview":"max-image-preview:large","max-video-preview":"max-video-preview:-1"},"canonical":"http:\/\/www.emotionnetwork.eu\/it\/produzione\/empower-human-potential\/","og_locale":"it_IT","og_type":"article","og_title":"Empower human potential - Emotion Network","og_description":"Host: Brunello Cucinelli Fondatore e Presidente, Brunello Cucinelli Guests: Marc Benioff Fondatore, Presidente e CEO, Salesforce Jodi Halpern MD, PhD Prof.ssa di Bioetica e Etica delle Tecnologie Innovative, Universit\u00e0 della California, Berkeley Sheryl Sandberg Chief Operating Officer, Facebook (oggi Meta) [&hellip;]","og_url":"http:\/\/www.emotionnetwork.eu\/it\/produzione\/empower-human-potential\/","og_site_name":"Emotion Network","article_modified_time":"2025-02-07T10:40:32+00:00","og_image":[{"width":1200,"height":630,"url":"http:\/\/www.emotionnetwork.eu\/wp-content\/uploads\/2021\/10\/Share_EN.jpg","type":"image\/jpeg"}],"twitter_card":"summary_large_image","twitter_misc":{"Tempo di lettura stimato":"3 minuti"},"schema":{"@context":"https:\/\/schema.org","@graph":[{"@type":"WebPage","@id":"http:\/\/www.emotionnetwork.eu\/it\/produzione\/empower-human-potential\/","url":"http:\/\/www.emotionnetwork.eu\/it\/produzione\/empower-human-potential\/","name":"Empower human potential - Emotion Network","isPartOf":{"@id":"https:\/\/www.emotionnetwork.eu\/it\/#website"},"datePublished":"2021-10-08T13:37:36+00:00","dateModified":"2025-02-07T10:40:32+00:00","breadcrumb":{"@id":"http:\/\/www.emotionnetwork.eu\/it\/produzione\/empower-human-potential\/#breadcrumb"},"inLanguage":"it-IT","potentialAction":[{"@type":"ReadAction","target":["http:\/\/www.emotionnetwork.eu\/it\/produzione\/empower-human-potential\/"]}]},{"@type":"BreadcrumbList","@id":"http:\/\/www.emotionnetwork.eu\/it\/produzione\/empower-human-potential\/#breadcrumb","itemListElement":[{"@type":"ListItem","position":1,"name":"Home","item":"https:\/\/www.emotionnetwork.eu\/it\/"},{"@type":"ListItem","position":2,"name":"Produzione","item":"https:\/\/www.emotionnetwork.eu\/it\/produzione\/"},{"@type":"ListItem","position":3,"name":"Empower human potential"}]},{"@type":"WebSite","@id":"https:\/\/www.emotionnetwork.eu\/it\/#website","url":"https:\/\/www.emotionnetwork.eu\/it\/","name":"Emotion Network","description":"","potentialAction":[{"@type":"SearchAction","target":{"@type":"EntryPoint","urlTemplate":"https:\/\/www.emotionnetwork.eu\/it\/?s={search_term_string}"},"query-input":{"@type":"PropertyValueSpecification","valueRequired":true,"valueName":"search_term_string"}}],"inLanguage":"it-IT"}]}},"_links":{"self":[{"href":"http:\/\/www.emotionnetwork.eu\/it\/wp-json\/wp\/v2\/pages\/1566","targetHints":{"allow":["GET"]}}],"collection":[{"href":"http:\/\/www.emotionnetwork.eu\/it\/wp-json\/wp\/v2\/pages"}],"about":[{"href":"http:\/\/www.emotionnetwork.eu\/it\/wp-json\/wp\/v2\/types\/page"}],"author":[{"embeddable":true,"href":"http:\/\/www.emotionnetwork.eu\/it\/wp-json\/wp\/v2\/users\/1"}],"replies":[{"embeddable":true,"href":"http:\/\/www.emotionnetwork.eu\/it\/wp-json\/wp\/v2\/comments?post=1566"}],"version-history":[{"count":15,"href":"http:\/\/www.emotionnetwork.eu\/it\/wp-json\/wp\/v2\/pages\/1566\/revisions"}],"predecessor-version":[{"id":6617,"href":"http:\/\/www.emotionnetwork.eu\/it\/wp-json\/wp\/v2\/pages\/1566\/revisions\/6617"}],"up":[{"embeddable":true,"href":"http:\/\/www.emotionnetwork.eu\/it\/wp-json\/wp\/v2\/pages\/1533"}],"wp:attachment":[{"href":"http:\/\/www.emotionnetwork.eu\/it\/wp-json\/wp\/v2\/media?parent=1566"}],"curies":[{"name":"wp","href":"https:\/\/api.w.org\/{rel}","templated":true}]}}